{"id":6708,"date":"2026-04-01T18:54:29","date_gmt":"2026-04-01T16:54:29","guid":{"rendered":"https:\/\/marybiocoop.org\/?post_type=product&#038;p=6708"},"modified":"2026-04-10T18:46:30","modified_gmt":"2026-04-10T16:46:30","slug":"garlic-mary-b","status":"publish","type":"product","link":"https:\/\/marybiocoop.org\/?product=garlic-mary-b","title":{"rendered":"Garlic Mary B"},"content":{"rendered":"<p>Extrait liquide d&#8217;ail ultra-concentr\u00e9 et de la plus haute puissance !<\/p>\n<p>Notre teinture d&#8217;ail contient uniquement des ingr\u00e9dients naturels !<\/p>\n","protected":false},"excerpt":{"rendered":"<p>Extrait liquide d&#8217;ail de haute qualit\u00e9 \u2013 extrait brut de premi\u00e8re extraction ! Nous produisons nos extraits avec le plus grand soin, selon des normes rigoureuses, en respectant les caract\u00e9ristiques propres \u00e0 chaque plante.<\/p>\n<p>Extrait d&#8217;ail ultra-concentr\u00e9, obtenu gr\u00e2ce \u00e0 une forte concentration botanique, afin de pr\u00e9server toutes les propri\u00e9t\u00e9s essentielles de la plante.<\/p>\n<p>Nous utilisons exclusivement des plantes issues de cueillette sauvage responsable ou de sources durables, de l&#8217;alcool de la plus haute qualit\u00e9, de la glyc\u00e9rine v\u00e9g\u00e9tale et de l&#8217;eau cristalline. Le meilleur extrait d&#8217;ail du march\u00e9 ! \u00c9labor\u00e9 avec amour des plantes et respect de la nature.<\/p>\n","protected":false},"featured_media":6675,"comment_status":"open","ping_status":"closed","template":"","meta":[],"product_brand":[94],"product_cat":[100,102,72],"product_tag":[],"class_list":{"0":"post-6708","1":"product","2":"type-product","3":"status-publish","4":"has-post-thumbnail","6":"product_brand-mary-bio","7":"product_cat-complement","8":"product_cat-detox","9":"product_cat-dietetique-sante-et-bien-etre","12":"instock","13":"shipping-taxable","14":"purchasable","15":"product-type-simple"},"yoast_head":"<!-- This site is optimized with the Yoast SEO plugin v27.3 - https:\/\/yoast.com\/product\/yoast-seo-wordpress\/ -->\n<title>Garlic Mary B - Mary Bio Coop<\/title>\n<meta name=\"robots\" content=\"index, follow, max-snippet:-1, max-image-preview:large, max-video-preview:-1\" \/>\n<link rel=\"canonical\" href=\"https:\/\/marybiocoop.org\/?product=garlic-mary-b\" \/>\n<meta property=\"og:locale\" content=\"fr_FR\" \/>\n<meta property=\"og:type\" content=\"article\" \/>\n<meta property=\"og:title\" content=\"Garlic Mary B - Mary Bio Coop\" \/>\n<meta property=\"og:description\" content=\"Extrait liquide d&#039;ail de haute qualit\u00e9 \u2013 extrait brut de premi\u00e8re extraction ! Nous produisons nos extraits avec le plus grand soin, selon des normes rigoureuses, en respectant les caract\u00e9ristiques propres \u00e0 chaque plante.  Extrait d&#039;ail ultra-concentr\u00e9, obtenu gr\u00e2ce \u00e0 une forte concentration botanique, afin de pr\u00e9server toutes les propri\u00e9t\u00e9s essentielles de la plante.  Nous utilisons exclusivement des plantes issues de cueillette sauvage responsable ou de sources durables, de l&#039;alcool de la plus haute qualit\u00e9, de la glyc\u00e9rine v\u00e9g\u00e9tale et de l&#039;eau cristalline. Le meilleur extrait d&#039;ail du march\u00e9 ! \u00c9labor\u00e9 avec amour des plantes et respect de la nature.\" \/>\n<meta property=\"og:url\" content=\"https:\/\/marybiocoop.org\/?product=garlic-mary-b\" \/>\n<meta property=\"og:site_name\" content=\"Mary Bio Coop\" \/>\n<meta property=\"article:publisher\" content=\"https:\/\/web.facebook.com\/profile.php?id=61576906032274\" \/>\n<meta property=\"article:modified_time\" content=\"2026-04-10T16:46:30+00:00\" \/>\n<meta property=\"og:image\" content=\"https:\/\/marybiocoop.org\/wp-content\/uploads\/2026\/04\/Gemini_Generated_Image_z1zaukz1zaukz1za.png\" \/>\n\t<meta property=\"og:image:width\" content=\"864\" \/>\n\t<meta property=\"og:image:height\" content=\"1184\" \/>\n\t<meta property=\"og:image:type\" content=\"image\/png\" \/>\n<meta name=\"twitter:card\" content=\"summary_large_image\" \/>\n<meta name=\"twitter:label1\" content=\"Dur\u00e9e de lecture estim\u00e9e\" \/>\n\t<meta name=\"twitter:data1\" content=\"1 minute\" \/>\n<script type=\"application\/ld+json\" class=\"yoast-schema-graph\">{\"@context\":\"https:\\\/\\\/schema.org\",\"@graph\":[{\"@type\":\"WebPage\",\"@id\":\"https:\\\/\\\/marybiocoop.org\\\/?product=garlic-mary-b\",\"url\":\"https:\\\/\\\/marybiocoop.org\\\/?product=garlic-mary-b\",\"name\":\"Garlic Mary B - Mary Bio Coop\",\"isPartOf\":{\"@id\":\"https:\\\/\\\/marybiocoop.org\\\/#website\"},\"primaryImageOfPage\":{\"@id\":\"https:\\\/\\\/marybiocoop.org\\\/?product=garlic-mary-b#primaryimage\"},\"image\":{\"@id\":\"https:\\\/\\\/marybiocoop.org\\\/?product=garlic-mary-b#primaryimage\"},\"thumbnailUrl\":\"https:\\\/\\\/marybiocoop.org\\\/wp-content\\\/uploads\\\/2026\\\/04\\\/Gemini_Generated_Image_z1zaukz1zaukz1za.png\",\"datePublished\":\"2026-04-01T16:54:29+00:00\",\"dateModified\":\"2026-04-10T16:46:30+00:00\",\"breadcrumb\":{\"@id\":\"https:\\\/\\\/marybiocoop.org\\\/?product=garlic-mary-b#breadcrumb\"},\"inLanguage\":\"fr-FR\",\"potentialAction\":[{\"@type\":\"ReadAction\",\"target\":[\"https:\\\/\\\/marybiocoop.org\\\/?product=garlic-mary-b\"]}]},{\"@type\":\"ImageObject\",\"inLanguage\":\"fr-FR\",\"@id\":\"https:\\\/\\\/marybiocoop.org\\\/?product=garlic-mary-b#primaryimage\",\"url\":\"https:\\\/\\\/marybiocoop.org\\\/wp-content\\\/uploads\\\/2026\\\/04\\\/Gemini_Generated_Image_z1zaukz1zaukz1za.png\",\"contentUrl\":\"https:\\\/\\\/marybiocoop.org\\\/wp-content\\\/uploads\\\/2026\\\/04\\\/Gemini_Generated_Image_z1zaukz1zaukz1za.png\",\"width\":864,\"height\":1184},{\"@type\":\"BreadcrumbList\",\"@id\":\"https:\\\/\\\/marybiocoop.org\\\/?product=garlic-mary-b#breadcrumb\",\"itemListElement\":[{\"@type\":\"ListItem\",\"position\":1,\"name\":\"Accueil\",\"item\":\"https:\\\/\\\/marybiocoop.org\\\/\"},{\"@type\":\"ListItem\",\"position\":2,\"name\":\"Shop\",\"item\":\"https:\\\/\\\/marybiocoop.org\\\/?page_id=35\"},{\"@type\":\"ListItem\",\"position\":3,\"name\":\"Garlic Mary B\"}]},{\"@type\":\"WebSite\",\"@id\":\"https:\\\/\\\/marybiocoop.org\\\/#website\",\"url\":\"https:\\\/\\\/marybiocoop.org\\\/\",\"name\":\"Mary Bio Coop\",\"description\":\"Votre bien \u00eatre 100% naturel\",\"publisher\":{\"@id\":\"https:\\\/\\\/marybiocoop.org\\\/#organization\"},\"potentialAction\":[{\"@type\":\"SearchAction\",\"target\":{\"@type\":\"EntryPoint\",\"urlTemplate\":\"https:\\\/\\\/marybiocoop.org\\\/?s={search_term_string}\"},\"query-input\":{\"@type\":\"PropertyValueSpecification\",\"valueRequired\":true,\"valueName\":\"search_term_string\"}}],\"inLanguage\":\"fr-FR\"},{\"@type\":\"Organization\",\"@id\":\"https:\\\/\\\/marybiocoop.org\\\/#organization\",\"name\":\"Mary Bio Coop\",\"url\":\"https:\\\/\\\/marybiocoop.org\\\/\",\"logo\":{\"@type\":\"ImageObject\",\"inLanguage\":\"fr-FR\",\"@id\":\"https:\\\/\\\/marybiocoop.org\\\/#\\\/schema\\\/logo\\\/image\\\/\",\"url\":\"https:\\\/\\\/marybiocoop.org\\\/wp-content\\\/uploads\\\/2025\\\/12\\\/cropped-Logo-Mary-coop-1.png\",\"contentUrl\":\"https:\\\/\\\/marybiocoop.org\\\/wp-content\\\/uploads\\\/2025\\\/12\\\/cropped-Logo-Mary-coop-1.png\",\"width\":512,\"height\":512,\"caption\":\"Mary Bio Coop\"},\"image\":{\"@id\":\"https:\\\/\\\/marybiocoop.org\\\/#\\\/schema\\\/logo\\\/image\\\/\"},\"sameAs\":[\"https:\\\/\\\/web.facebook.com\\\/profile.php?id=61576906032274\"]}]}<\/script>\n<!-- \/ Yoast SEO plugin. -->","yoast_head_json":{"title":"Garlic Mary B - Mary Bio Coop","robots":{"index":"index","follow":"follow","max-snippet":"max-snippet:-1","max-image-preview":"max-image-preview:large","max-video-preview":"max-video-preview:-1"},"canonical":"https:\/\/marybiocoop.org\/?product=garlic-mary-b","og_locale":"fr_FR","og_type":"article","og_title":"Garlic Mary B - Mary Bio Coop","og_description":"Extrait liquide d'ail de haute qualit\u00e9 \u2013 extrait brut de premi\u00e8re extraction ! Nous produisons nos extraits avec le plus grand soin, selon des normes rigoureuses, en respectant les caract\u00e9ristiques propres \u00e0 chaque plante.  Extrait d'ail ultra-concentr\u00e9, obtenu gr\u00e2ce \u00e0 une forte concentration botanique, afin de pr\u00e9server toutes les propri\u00e9t\u00e9s essentielles de la plante.  Nous utilisons exclusivement des plantes issues de cueillette sauvage responsable ou de sources durables, de l'alcool de la plus haute qualit\u00e9, de la glyc\u00e9rine v\u00e9g\u00e9tale et de l'eau cristalline. Le meilleur extrait d'ail du march\u00e9 ! \u00c9labor\u00e9 avec amour des plantes et respect de la nature.","og_url":"https:\/\/marybiocoop.org\/?product=garlic-mary-b","og_site_name":"Mary Bio Coop","article_publisher":"https:\/\/web.facebook.com\/profile.php?id=61576906032274","article_modified_time":"2026-04-10T16:46:30+00:00","og_image":[{"width":864,"height":1184,"url":"https:\/\/marybiocoop.org\/wp-content\/uploads\/2026\/04\/Gemini_Generated_Image_z1zaukz1zaukz1za.png","type":"image\/png"}],"twitter_card":"summary_large_image","twitter_misc":{"Dur\u00e9e de lecture estim\u00e9e":"1 minute"},"schema":{"@context":"https:\/\/schema.org","@graph":[{"@type":"WebPage","@id":"https:\/\/marybiocoop.org\/?product=garlic-mary-b","url":"https:\/\/marybiocoop.org\/?product=garlic-mary-b","name":"Garlic Mary B - Mary Bio Coop","isPartOf":{"@id":"https:\/\/marybiocoop.org\/#website"},"primaryImageOfPage":{"@id":"https:\/\/marybiocoop.org\/?product=garlic-mary-b#primaryimage"},"image":{"@id":"https:\/\/marybiocoop.org\/?product=garlic-mary-b#primaryimage"},"thumbnailUrl":"https:\/\/marybiocoop.org\/wp-content\/uploads\/2026\/04\/Gemini_Generated_Image_z1zaukz1zaukz1za.png","datePublished":"2026-04-01T16:54:29+00:00","dateModified":"2026-04-10T16:46:30+00:00","breadcrumb":{"@id":"https:\/\/marybiocoop.org\/?product=garlic-mary-b#breadcrumb"},"inLanguage":"fr-FR","potentialAction":[{"@type":"ReadAction","target":["https:\/\/marybiocoop.org\/?product=garlic-mary-b"]}]},{"@type":"ImageObject","inLanguage":"fr-FR","@id":"https:\/\/marybiocoop.org\/?product=garlic-mary-b#primaryimage","url":"https:\/\/marybiocoop.org\/wp-content\/uploads\/2026\/04\/Gemini_Generated_Image_z1zaukz1zaukz1za.png","contentUrl":"https:\/\/marybiocoop.org\/wp-content\/uploads\/2026\/04\/Gemini_Generated_Image_z1zaukz1zaukz1za.png","width":864,"height":1184},{"@type":"BreadcrumbList","@id":"https:\/\/marybiocoop.org\/?product=garlic-mary-b#breadcrumb","itemListElement":[{"@type":"ListItem","position":1,"name":"Accueil","item":"https:\/\/marybiocoop.org\/"},{"@type":"ListItem","position":2,"name":"Shop","item":"https:\/\/marybiocoop.org\/?page_id=35"},{"@type":"ListItem","position":3,"name":"Garlic Mary B"}]},{"@type":"WebSite","@id":"https:\/\/marybiocoop.org\/#website","url":"https:\/\/marybiocoop.org\/","name":"Mary Bio Coop","description":"Votre bien \u00eatre 100% naturel","publisher":{"@id":"https:\/\/marybiocoop.org\/#organization"},"potentialAction":[{"@type":"SearchAction","target":{"@type":"EntryPoint","urlTemplate":"https:\/\/marybiocoop.org\/?s={search_term_string}"},"query-input":{"@type":"PropertyValueSpecification","valueRequired":true,"valueName":"search_term_string"}}],"inLanguage":"fr-FR"},{"@type":"Organization","@id":"https:\/\/marybiocoop.org\/#organization","name":"Mary Bio Coop","url":"https:\/\/marybiocoop.org\/","logo":{"@type":"ImageObject","inLanguage":"fr-FR","@id":"https:\/\/marybiocoop.org\/#\/schema\/logo\/image\/","url":"https:\/\/marybiocoop.org\/wp-content\/uploads\/2025\/12\/cropped-Logo-Mary-coop-1.png","contentUrl":"https:\/\/marybiocoop.org\/wp-content\/uploads\/2025\/12\/cropped-Logo-Mary-coop-1.png","width":512,"height":512,"caption":"Mary Bio Coop"},"image":{"@id":"https:\/\/marybiocoop.org\/#\/schema\/logo\/image\/"},"sameAs":["https:\/\/web.facebook.com\/profile.php?id=61576906032274"]}]}},"_links":{"self":[{"href":"https:\/\/marybiocoop.org\/index.php?rest_route=\/wp\/v2\/product\/6708","targetHints":{"allow":["GET"]}}],"collection":[{"href":"https:\/\/marybiocoop.org\/index.php?rest_route=\/wp\/v2\/product"}],"about":[{"href":"https:\/\/marybiocoop.org\/index.php?rest_route=\/wp\/v2\/types\/product"}],"replies":[{"embeddable":true,"href":"https:\/\/marybiocoop.org\/index.php?rest_route=%2Fwp%2Fv2%2Fcomments&post=6708"}],"version-history":[{"count":5,"href":"https:\/\/marybiocoop.org\/index.php?rest_route=\/wp\/v2\/product\/6708\/revisions"}],"predecessor-version":[{"id":6776,"href":"https:\/\/marybiocoop.org\/index.php?rest_route=\/wp\/v2\/product\/6708\/revisions\/6776"}],"wp:featuredmedia":[{"embeddable":true,"href":"https:\/\/marybiocoop.org\/index.php?rest_route=\/wp\/v2\/media\/6675"}],"wp:attachment":[{"href":"https:\/\/marybiocoop.org\/index.php?rest_route=%2Fwp%2Fv2%2Fmedia&parent=6708"}],"wp:term":[{"taxonomy":"product_brand","embeddable":true,"href":"https:\/\/marybiocoop.org\/index.php?rest_route=%2Fwp%2Fv2%2Fproduct_brand&post=6708"},{"taxonomy":"product_cat","embeddable":true,"href":"https:\/\/marybiocoop.org\/index.php?rest_route=%2Fwp%2Fv2%2Fproduct_cat&post=6708"},{"taxonomy":"product_tag","embeddable":true,"href":"https:\/\/marybiocoop.org\/index.php?rest_route=%2Fwp%2Fv2%2Fproduct_tag&post=6708"}],"curies":[{"name":"wp","href":"https:\/\/api.w.org\/{rel}","templated":true}]}}