{"id":6718,"date":"2026-04-01T19:35:50","date_gmt":"2026-04-01T17:35:50","guid":{"rendered":"https:\/\/marybiocoop.org\/?post_type=product&#038;p=6718"},"modified":"2026-04-10T18:45:41","modified_gmt":"2026-04-10T16:45:41","slug":"creme-anti-age-eternal-glow","status":"publish","type":"product","link":"https:\/\/marybiocoop.org\/?product=creme-anti-age-eternal-glow","title":{"rendered":"Cr\u00e8me Anti-\u00e2ge Eternal Glow"},"content":{"rendered":"<p><strong>Caract\u00e9ristiques principales :<\/strong><br \/>\nActions : R\u00e9duit les rides, raffermit, illumine le teint, hydrate intens\u00e9ment.<br \/>\nTypes : Cr\u00e8mes de jour (protection), de nuit (r\u00e9g\u00e9n\u00e9ration), ou contour des yeux.<br \/>\nIngr\u00e9dients cl\u00e9s : Acide hyaluronique, r\u00e9tinol, antioxydants, acides de fruits, peptides.<br \/>\nUsage : Pr\u00e9ventif (d\u00e8s 25-30 ans) ou correcteur (peaux matures).<\/p>\n<p><strong>Conseils d&#8217;application :<\/strong><br \/>\nAppliquez quotidiennement sur une peau nettoy\u00e9e par petits mouvements circulaires pour stimuler la circulation, de l&#8217;int\u00e9rieur vers l&#8217;ext\u00e9rieur du visage.<\/p>\n","protected":false},"excerpt":{"rendered":"<p>Cr\u00e8me anti-\u00e2ge\u00a0est un soin cosm\u00e9tique con\u00e7u pour hydrater, lisser et raffermir la peau, tout en att\u00e9nuant les signes du vieillissement\u00a0(rides, ridules, taches, perte d&#8217;\u00e9clat). Elle agit en stimulant la r\u00e9g\u00e9n\u00e9ration cutan\u00e9e gr\u00e2ce \u00e0 des actifs comme l&#8217;acide hyaluronique, le r\u00e9tinol ou les antioxydants.<\/p>\n","protected":false},"featured_media":6668,"comment_status":"open","ping_status":"closed","template":"","meta":[],"product_brand":[94],"product_cat":[45,67,104],"product_tag":[],"class_list":{"0":"post-6718","1":"product","2":"type-product","3":"status-publish","4":"has-post-thumbnail","6":"product_brand-mary-bio","7":"product_cat-beaute","8":"product_cat-cosmetique-et-soins","9":"product_cat-creme","12":"instock","13":"shipping-taxable","14":"purchasable","15":"product-type-simple"},"yoast_head":"<!-- This site is optimized with the Yoast SEO plugin v27.3 - https:\/\/yoast.com\/product\/yoast-seo-wordpress\/ -->\n<title>Cr\u00e8me Anti-\u00e2ge Eternal Glow - Mary Bio Coop<\/title>\n<meta name=\"robots\" content=\"index, follow, max-snippet:-1, max-image-preview:large, max-video-preview:-1\" \/>\n<link rel=\"canonical\" href=\"https:\/\/marybiocoop.org\/?product=creme-anti-age-eternal-glow\" \/>\n<meta property=\"og:locale\" content=\"fr_FR\" \/>\n<meta property=\"og:type\" content=\"article\" \/>\n<meta property=\"og:title\" content=\"Cr\u00e8me Anti-\u00e2ge Eternal Glow - Mary Bio Coop\" \/>\n<meta property=\"og:description\" content=\"Cr\u00e8me anti-\u00e2ge\u00a0est un soin cosm\u00e9tique con\u00e7u pour hydrater, lisser et raffermir la peau, tout en att\u00e9nuant les signes du vieillissement\u00a0(rides, ridules, taches, perte d&#039;\u00e9clat). Elle agit en stimulant la r\u00e9g\u00e9n\u00e9ration cutan\u00e9e gr\u00e2ce \u00e0 des actifs comme l&#039;acide hyaluronique, le r\u00e9tinol ou les antioxydants.\" \/>\n<meta property=\"og:url\" content=\"https:\/\/marybiocoop.org\/?product=creme-anti-age-eternal-glow\" \/>\n<meta property=\"og:site_name\" content=\"Mary Bio Coop\" \/>\n<meta property=\"article:publisher\" content=\"https:\/\/web.facebook.com\/profile.php?id=61576906032274\" \/>\n<meta property=\"article:modified_time\" content=\"2026-04-10T16:45:41+00:00\" \/>\n<meta property=\"og:image\" content=\"https:\/\/marybiocoop.org\/wp-content\/uploads\/2026\/04\/Gemini_Generated_Image_adytxcadytxcadyt.png\" \/>\n\t<meta property=\"og:image:width\" content=\"864\" \/>\n\t<meta property=\"og:image:height\" content=\"691\" \/>\n\t<meta property=\"og:image:type\" content=\"image\/png\" \/>\n<meta name=\"twitter:card\" content=\"summary_large_image\" \/>\n<meta name=\"twitter:label1\" content=\"Dur\u00e9e de lecture estim\u00e9e\" \/>\n\t<meta name=\"twitter:data1\" content=\"1 minute\" \/>\n<script type=\"application\/ld+json\" class=\"yoast-schema-graph\">{\"@context\":\"https:\\\/\\\/schema.org\",\"@graph\":[{\"@type\":\"WebPage\",\"@id\":\"https:\\\/\\\/marybiocoop.org\\\/?product=creme-anti-age-eternal-glow\",\"url\":\"https:\\\/\\\/marybiocoop.org\\\/?product=creme-anti-age-eternal-glow\",\"name\":\"Cr\u00e8me Anti-\u00e2ge Eternal Glow - Mary Bio Coop\",\"isPartOf\":{\"@id\":\"https:\\\/\\\/marybiocoop.org\\\/#website\"},\"primaryImageOfPage\":{\"@id\":\"https:\\\/\\\/marybiocoop.org\\\/?product=creme-anti-age-eternal-glow#primaryimage\"},\"image\":{\"@id\":\"https:\\\/\\\/marybiocoop.org\\\/?product=creme-anti-age-eternal-glow#primaryimage\"},\"thumbnailUrl\":\"https:\\\/\\\/marybiocoop.org\\\/wp-content\\\/uploads\\\/2026\\\/04\\\/Gemini_Generated_Image_adytxcadytxcadyt.png\",\"datePublished\":\"2026-04-01T17:35:50+00:00\",\"dateModified\":\"2026-04-10T16:45:41+00:00\",\"breadcrumb\":{\"@id\":\"https:\\\/\\\/marybiocoop.org\\\/?product=creme-anti-age-eternal-glow#breadcrumb\"},\"inLanguage\":\"fr-FR\",\"potentialAction\":[{\"@type\":\"ReadAction\",\"target\":[\"https:\\\/\\\/marybiocoop.org\\\/?product=creme-anti-age-eternal-glow\"]}]},{\"@type\":\"ImageObject\",\"inLanguage\":\"fr-FR\",\"@id\":\"https:\\\/\\\/marybiocoop.org\\\/?product=creme-anti-age-eternal-glow#primaryimage\",\"url\":\"https:\\\/\\\/marybiocoop.org\\\/wp-content\\\/uploads\\\/2026\\\/04\\\/Gemini_Generated_Image_adytxcadytxcadyt.png\",\"contentUrl\":\"https:\\\/\\\/marybiocoop.org\\\/wp-content\\\/uploads\\\/2026\\\/04\\\/Gemini_Generated_Image_adytxcadytxcadyt.png\",\"width\":864,\"height\":691},{\"@type\":\"BreadcrumbList\",\"@id\":\"https:\\\/\\\/marybiocoop.org\\\/?product=creme-anti-age-eternal-glow#breadcrumb\",\"itemListElement\":[{\"@type\":\"ListItem\",\"position\":1,\"name\":\"Accueil\",\"item\":\"https:\\\/\\\/marybiocoop.org\\\/\"},{\"@type\":\"ListItem\",\"position\":2,\"name\":\"Shop\",\"item\":\"https:\\\/\\\/marybiocoop.org\\\/?page_id=35\"},{\"@type\":\"ListItem\",\"position\":3,\"name\":\"Cr\u00e8me Anti-\u00e2ge Eternal Glow\"}]},{\"@type\":\"WebSite\",\"@id\":\"https:\\\/\\\/marybiocoop.org\\\/#website\",\"url\":\"https:\\\/\\\/marybiocoop.org\\\/\",\"name\":\"Mary Bio Coop\",\"description\":\"Votre bien \u00eatre 100% naturel\",\"publisher\":{\"@id\":\"https:\\\/\\\/marybiocoop.org\\\/#organization\"},\"potentialAction\":[{\"@type\":\"SearchAction\",\"target\":{\"@type\":\"EntryPoint\",\"urlTemplate\":\"https:\\\/\\\/marybiocoop.org\\\/?s={search_term_string}\"},\"query-input\":{\"@type\":\"PropertyValueSpecification\",\"valueRequired\":true,\"valueName\":\"search_term_string\"}}],\"inLanguage\":\"fr-FR\"},{\"@type\":\"Organization\",\"@id\":\"https:\\\/\\\/marybiocoop.org\\\/#organization\",\"name\":\"Mary Bio Coop\",\"url\":\"https:\\\/\\\/marybiocoop.org\\\/\",\"logo\":{\"@type\":\"ImageObject\",\"inLanguage\":\"fr-FR\",\"@id\":\"https:\\\/\\\/marybiocoop.org\\\/#\\\/schema\\\/logo\\\/image\\\/\",\"url\":\"https:\\\/\\\/marybiocoop.org\\\/wp-content\\\/uploads\\\/2025\\\/12\\\/cropped-Logo-Mary-coop-1.png\",\"contentUrl\":\"https:\\\/\\\/marybiocoop.org\\\/wp-content\\\/uploads\\\/2025\\\/12\\\/cropped-Logo-Mary-coop-1.png\",\"width\":512,\"height\":512,\"caption\":\"Mary Bio Coop\"},\"image\":{\"@id\":\"https:\\\/\\\/marybiocoop.org\\\/#\\\/schema\\\/logo\\\/image\\\/\"},\"sameAs\":[\"https:\\\/\\\/web.facebook.com\\\/profile.php?id=61576906032274\"]}]}<\/script>\n<!-- \/ Yoast SEO plugin. -->","yoast_head_json":{"title":"Cr\u00e8me Anti-\u00e2ge Eternal Glow - Mary Bio Coop","robots":{"index":"index","follow":"follow","max-snippet":"max-snippet:-1","max-image-preview":"max-image-preview:large","max-video-preview":"max-video-preview:-1"},"canonical":"https:\/\/marybiocoop.org\/?product=creme-anti-age-eternal-glow","og_locale":"fr_FR","og_type":"article","og_title":"Cr\u00e8me Anti-\u00e2ge Eternal Glow - Mary Bio Coop","og_description":"Cr\u00e8me anti-\u00e2ge\u00a0est un soin cosm\u00e9tique con\u00e7u pour hydrater, lisser et raffermir la peau, tout en att\u00e9nuant les signes du vieillissement\u00a0(rides, ridules, taches, perte d'\u00e9clat). Elle agit en stimulant la r\u00e9g\u00e9n\u00e9ration cutan\u00e9e gr\u00e2ce \u00e0 des actifs comme l'acide hyaluronique, le r\u00e9tinol ou les antioxydants.","og_url":"https:\/\/marybiocoop.org\/?product=creme-anti-age-eternal-glow","og_site_name":"Mary Bio Coop","article_publisher":"https:\/\/web.facebook.com\/profile.php?id=61576906032274","article_modified_time":"2026-04-10T16:45:41+00:00","og_image":[{"width":864,"height":691,"url":"https:\/\/marybiocoop.org\/wp-content\/uploads\/2026\/04\/Gemini_Generated_Image_adytxcadytxcadyt.png","type":"image\/png"}],"twitter_card":"summary_large_image","twitter_misc":{"Dur\u00e9e de lecture estim\u00e9e":"1 minute"},"schema":{"@context":"https:\/\/schema.org","@graph":[{"@type":"WebPage","@id":"https:\/\/marybiocoop.org\/?product=creme-anti-age-eternal-glow","url":"https:\/\/marybiocoop.org\/?product=creme-anti-age-eternal-glow","name":"Cr\u00e8me Anti-\u00e2ge Eternal Glow - Mary Bio Coop","isPartOf":{"@id":"https:\/\/marybiocoop.org\/#website"},"primaryImageOfPage":{"@id":"https:\/\/marybiocoop.org\/?product=creme-anti-age-eternal-glow#primaryimage"},"image":{"@id":"https:\/\/marybiocoop.org\/?product=creme-anti-age-eternal-glow#primaryimage"},"thumbnailUrl":"https:\/\/marybiocoop.org\/wp-content\/uploads\/2026\/04\/Gemini_Generated_Image_adytxcadytxcadyt.png","datePublished":"2026-04-01T17:35:50+00:00","dateModified":"2026-04-10T16:45:41+00:00","breadcrumb":{"@id":"https:\/\/marybiocoop.org\/?product=creme-anti-age-eternal-glow#breadcrumb"},"inLanguage":"fr-FR","potentialAction":[{"@type":"ReadAction","target":["https:\/\/marybiocoop.org\/?product=creme-anti-age-eternal-glow"]}]},{"@type":"ImageObject","inLanguage":"fr-FR","@id":"https:\/\/marybiocoop.org\/?product=creme-anti-age-eternal-glow#primaryimage","url":"https:\/\/marybiocoop.org\/wp-content\/uploads\/2026\/04\/Gemini_Generated_Image_adytxcadytxcadyt.png","contentUrl":"https:\/\/marybiocoop.org\/wp-content\/uploads\/2026\/04\/Gemini_Generated_Image_adytxcadytxcadyt.png","width":864,"height":691},{"@type":"BreadcrumbList","@id":"https:\/\/marybiocoop.org\/?product=creme-anti-age-eternal-glow#breadcrumb","itemListElement":[{"@type":"ListItem","position":1,"name":"Accueil","item":"https:\/\/marybiocoop.org\/"},{"@type":"ListItem","position":2,"name":"Shop","item":"https:\/\/marybiocoop.org\/?page_id=35"},{"@type":"ListItem","position":3,"name":"Cr\u00e8me Anti-\u00e2ge Eternal Glow"}]},{"@type":"WebSite","@id":"https:\/\/marybiocoop.org\/#website","url":"https:\/\/marybiocoop.org\/","name":"Mary Bio Coop","description":"Votre bien \u00eatre 100% naturel","publisher":{"@id":"https:\/\/marybiocoop.org\/#organization"},"potentialAction":[{"@type":"SearchAction","target":{"@type":"EntryPoint","urlTemplate":"https:\/\/marybiocoop.org\/?s={search_term_string}"},"query-input":{"@type":"PropertyValueSpecification","valueRequired":true,"valueName":"search_term_string"}}],"inLanguage":"fr-FR"},{"@type":"Organization","@id":"https:\/\/marybiocoop.org\/#organization","name":"Mary Bio Coop","url":"https:\/\/marybiocoop.org\/","logo":{"@type":"ImageObject","inLanguage":"fr-FR","@id":"https:\/\/marybiocoop.org\/#\/schema\/logo\/image\/","url":"https:\/\/marybiocoop.org\/wp-content\/uploads\/2025\/12\/cropped-Logo-Mary-coop-1.png","contentUrl":"https:\/\/marybiocoop.org\/wp-content\/uploads\/2025\/12\/cropped-Logo-Mary-coop-1.png","width":512,"height":512,"caption":"Mary Bio Coop"},"image":{"@id":"https:\/\/marybiocoop.org\/#\/schema\/logo\/image\/"},"sameAs":["https:\/\/web.facebook.com\/profile.php?id=61576906032274"]}]}},"_links":{"self":[{"href":"https:\/\/marybiocoop.org\/index.php?rest_route=\/wp\/v2\/product\/6718","targetHints":{"allow":["GET"]}}],"collection":[{"href":"https:\/\/marybiocoop.org\/index.php?rest_route=\/wp\/v2\/product"}],"about":[{"href":"https:\/\/marybiocoop.org\/index.php?rest_route=\/wp\/v2\/types\/product"}],"replies":[{"embeddable":true,"href":"https:\/\/marybiocoop.org\/index.php?rest_route=%2Fwp%2Fv2%2Fcomments&post=6718"}],"version-history":[{"count":3,"href":"https:\/\/marybiocoop.org\/index.php?rest_route=\/wp\/v2\/product\/6718\/revisions"}],"predecessor-version":[{"id":6774,"href":"https:\/\/marybiocoop.org\/index.php?rest_route=\/wp\/v2\/product\/6718\/revisions\/6774"}],"wp:featuredmedia":[{"embeddable":true,"href":"https:\/\/marybiocoop.org\/index.php?rest_route=\/wp\/v2\/media\/6668"}],"wp:attachment":[{"href":"https:\/\/marybiocoop.org\/index.php?rest_route=%2Fwp%2Fv2%2Fmedia&parent=6718"}],"wp:term":[{"taxonomy":"product_brand","embeddable":true,"href":"https:\/\/marybiocoop.org\/index.php?rest_route=%2Fwp%2Fv2%2Fproduct_brand&post=6718"},{"taxonomy":"product_cat","embeddable":true,"href":"https:\/\/marybiocoop.org\/index.php?rest_route=%2Fwp%2Fv2%2Fproduct_cat&post=6718"},{"taxonomy":"product_tag","embeddable":true,"href":"https:\/\/marybiocoop.org\/index.php?rest_route=%2Fwp%2Fv2%2Fproduct_tag&post=6718"}],"curies":[{"name":"wp","href":"https:\/\/api.w.org\/{rel}","templated":true}]}}