{"id":6727,"date":"2026-04-01T19:54:09","date_gmt":"2026-04-01T17:54:09","guid":{"rendered":"https:\/\/marybiocoop.org\/?post_type=product&#038;p=6727"},"modified":"2026-04-10T18:45:10","modified_gmt":"2026-04-10T16:45:10","slug":"huile-de-sesame","status":"publish","type":"product","link":"https:\/\/marybiocoop.org\/?product=huile-de-sesame","title":{"rendered":"Huile de Sesame"},"content":{"rendered":"","protected":false},"excerpt":{"rendered":"<h3><strong>Hydrate intens\u00e9ment la peau et revitalise les cheveux secs !<\/strong><\/h3>\n<ul>\n<li>Propri\u00e9t\u00e9s hydratantes et nourrissantes<\/li>\n<li>R\u00e9pare et adoucit la peau tout en revitalisant les cheveux secs<\/li>\n<li>Huile naturelle d&#8217;origine v\u00e9g\u00e9tale<\/li>\n<li>Flacon adapt\u00e9 pour une utilisation quotidienne<\/li>\n<\/ul>\n","protected":false},"featured_media":6673,"comment_status":"open","ping_status":"closed","template":"","meta":[],"product_brand":[94],"product_cat":[67,98],"product_tag":[],"class_list":{"0":"post-6727","1":"product","2":"type-product","3":"status-publish","4":"has-post-thumbnail","6":"product_brand-mary-bio","7":"product_cat-cosmetique-et-soins","8":"product_cat-huile","11":"instock","12":"shipping-taxable","13":"purchasable","14":"product-type-simple"},"yoast_head":"<!-- This site is optimized with the Yoast SEO plugin v27.3 - https:\/\/yoast.com\/product\/yoast-seo-wordpress\/ -->\n<title>Huile de Sesame - Mary Bio Coop<\/title>\n<meta name=\"robots\" content=\"index, follow, max-snippet:-1, max-image-preview:large, max-video-preview:-1\" \/>\n<link rel=\"canonical\" href=\"https:\/\/marybiocoop.org\/?product=huile-de-sesame\" \/>\n<meta property=\"og:locale\" content=\"fr_FR\" \/>\n<meta property=\"og:type\" content=\"article\" \/>\n<meta property=\"og:title\" content=\"Huile de Sesame - Mary Bio Coop\" \/>\n<meta property=\"og:description\" content=\"Hydrate intens\u00e9ment la peau et revitalise les cheveux secs !   Propri\u00e9t\u00e9s hydratantes et nourrissantes  R\u00e9pare et adoucit la peau tout en revitalisant les cheveux secs  Huile naturelle d&#039;origine v\u00e9g\u00e9tale  Flacon adapt\u00e9 pour une utilisation quotidienne\" \/>\n<meta property=\"og:url\" content=\"https:\/\/marybiocoop.org\/?product=huile-de-sesame\" \/>\n<meta property=\"og:site_name\" content=\"Mary Bio Coop\" \/>\n<meta property=\"article:publisher\" content=\"https:\/\/web.facebook.com\/profile.php?id=61576906032274\" \/>\n<meta property=\"article:modified_time\" content=\"2026-04-10T16:45:10+00:00\" \/>\n<meta property=\"og:image\" content=\"https:\/\/marybiocoop.org\/wp-content\/uploads\/2026\/04\/Gemini_Generated_Image_yy6ktjyy6ktjyy6k.png\" \/>\n\t<meta property=\"og:image:width\" content=\"864\" \/>\n\t<meta property=\"og:image:height\" content=\"1184\" \/>\n\t<meta property=\"og:image:type\" content=\"image\/png\" \/>\n<meta name=\"twitter:card\" content=\"summary_large_image\" \/>\n<meta name=\"twitter:label1\" content=\"Dur\u00e9e de lecture estim\u00e9e\" \/>\n\t<meta name=\"twitter:data1\" content=\"1 minute\" \/>\n<script type=\"application\/ld+json\" class=\"yoast-schema-graph\">{\"@context\":\"https:\\\/\\\/schema.org\",\"@graph\":[{\"@type\":\"WebPage\",\"@id\":\"https:\\\/\\\/marybiocoop.org\\\/?product=huile-de-sesame\",\"url\":\"https:\\\/\\\/marybiocoop.org\\\/?product=huile-de-sesame\",\"name\":\"Huile de Sesame - Mary Bio Coop\",\"isPartOf\":{\"@id\":\"https:\\\/\\\/marybiocoop.org\\\/#website\"},\"primaryImageOfPage\":{\"@id\":\"https:\\\/\\\/marybiocoop.org\\\/?product=huile-de-sesame#primaryimage\"},\"image\":{\"@id\":\"https:\\\/\\\/marybiocoop.org\\\/?product=huile-de-sesame#primaryimage\"},\"thumbnailUrl\":\"https:\\\/\\\/marybiocoop.org\\\/wp-content\\\/uploads\\\/2026\\\/04\\\/Gemini_Generated_Image_yy6ktjyy6ktjyy6k.png\",\"datePublished\":\"2026-04-01T17:54:09+00:00\",\"dateModified\":\"2026-04-10T16:45:10+00:00\",\"breadcrumb\":{\"@id\":\"https:\\\/\\\/marybiocoop.org\\\/?product=huile-de-sesame#breadcrumb\"},\"inLanguage\":\"fr-FR\",\"potentialAction\":[{\"@type\":\"ReadAction\",\"target\":[\"https:\\\/\\\/marybiocoop.org\\\/?product=huile-de-sesame\"]}]},{\"@type\":\"ImageObject\",\"inLanguage\":\"fr-FR\",\"@id\":\"https:\\\/\\\/marybiocoop.org\\\/?product=huile-de-sesame#primaryimage\",\"url\":\"https:\\\/\\\/marybiocoop.org\\\/wp-content\\\/uploads\\\/2026\\\/04\\\/Gemini_Generated_Image_yy6ktjyy6ktjyy6k.png\",\"contentUrl\":\"https:\\\/\\\/marybiocoop.org\\\/wp-content\\\/uploads\\\/2026\\\/04\\\/Gemini_Generated_Image_yy6ktjyy6ktjyy6k.png\",\"width\":864,\"height\":1184},{\"@type\":\"BreadcrumbList\",\"@id\":\"https:\\\/\\\/marybiocoop.org\\\/?product=huile-de-sesame#breadcrumb\",\"itemListElement\":[{\"@type\":\"ListItem\",\"position\":1,\"name\":\"Accueil\",\"item\":\"https:\\\/\\\/marybiocoop.org\\\/\"},{\"@type\":\"ListItem\",\"position\":2,\"name\":\"Shop\",\"item\":\"https:\\\/\\\/marybiocoop.org\\\/?page_id=35\"},{\"@type\":\"ListItem\",\"position\":3,\"name\":\"Huile de Sesame\"}]},{\"@type\":\"WebSite\",\"@id\":\"https:\\\/\\\/marybiocoop.org\\\/#website\",\"url\":\"https:\\\/\\\/marybiocoop.org\\\/\",\"name\":\"Mary Bio Coop\",\"description\":\"Votre bien \u00eatre 100% naturel\",\"publisher\":{\"@id\":\"https:\\\/\\\/marybiocoop.org\\\/#organization\"},\"potentialAction\":[{\"@type\":\"SearchAction\",\"target\":{\"@type\":\"EntryPoint\",\"urlTemplate\":\"https:\\\/\\\/marybiocoop.org\\\/?s={search_term_string}\"},\"query-input\":{\"@type\":\"PropertyValueSpecification\",\"valueRequired\":true,\"valueName\":\"search_term_string\"}}],\"inLanguage\":\"fr-FR\"},{\"@type\":\"Organization\",\"@id\":\"https:\\\/\\\/marybiocoop.org\\\/#organization\",\"name\":\"Mary Bio Coop\",\"url\":\"https:\\\/\\\/marybiocoop.org\\\/\",\"logo\":{\"@type\":\"ImageObject\",\"inLanguage\":\"fr-FR\",\"@id\":\"https:\\\/\\\/marybiocoop.org\\\/#\\\/schema\\\/logo\\\/image\\\/\",\"url\":\"https:\\\/\\\/marybiocoop.org\\\/wp-content\\\/uploads\\\/2025\\\/12\\\/cropped-Logo-Mary-coop-1.png\",\"contentUrl\":\"https:\\\/\\\/marybiocoop.org\\\/wp-content\\\/uploads\\\/2025\\\/12\\\/cropped-Logo-Mary-coop-1.png\",\"width\":512,\"height\":512,\"caption\":\"Mary Bio Coop\"},\"image\":{\"@id\":\"https:\\\/\\\/marybiocoop.org\\\/#\\\/schema\\\/logo\\\/image\\\/\"},\"sameAs\":[\"https:\\\/\\\/web.facebook.com\\\/profile.php?id=61576906032274\"]}]}<\/script>\n<!-- \/ Yoast SEO plugin. -->","yoast_head_json":{"title":"Huile de Sesame - Mary Bio Coop","robots":{"index":"index","follow":"follow","max-snippet":"max-snippet:-1","max-image-preview":"max-image-preview:large","max-video-preview":"max-video-preview:-1"},"canonical":"https:\/\/marybiocoop.org\/?product=huile-de-sesame","og_locale":"fr_FR","og_type":"article","og_title":"Huile de Sesame - Mary Bio Coop","og_description":"Hydrate intens\u00e9ment la peau et revitalise les cheveux secs !   Propri\u00e9t\u00e9s hydratantes et nourrissantes  R\u00e9pare et adoucit la peau tout en revitalisant les cheveux secs  Huile naturelle d'origine v\u00e9g\u00e9tale  Flacon adapt\u00e9 pour une utilisation quotidienne","og_url":"https:\/\/marybiocoop.org\/?product=huile-de-sesame","og_site_name":"Mary Bio Coop","article_publisher":"https:\/\/web.facebook.com\/profile.php?id=61576906032274","article_modified_time":"2026-04-10T16:45:10+00:00","og_image":[{"width":864,"height":1184,"url":"https:\/\/marybiocoop.org\/wp-content\/uploads\/2026\/04\/Gemini_Generated_Image_yy6ktjyy6ktjyy6k.png","type":"image\/png"}],"twitter_card":"summary_large_image","twitter_misc":{"Dur\u00e9e de lecture estim\u00e9e":"1 minute"},"schema":{"@context":"https:\/\/schema.org","@graph":[{"@type":"WebPage","@id":"https:\/\/marybiocoop.org\/?product=huile-de-sesame","url":"https:\/\/marybiocoop.org\/?product=huile-de-sesame","name":"Huile de Sesame - Mary Bio Coop","isPartOf":{"@id":"https:\/\/marybiocoop.org\/#website"},"primaryImageOfPage":{"@id":"https:\/\/marybiocoop.org\/?product=huile-de-sesame#primaryimage"},"image":{"@id":"https:\/\/marybiocoop.org\/?product=huile-de-sesame#primaryimage"},"thumbnailUrl":"https:\/\/marybiocoop.org\/wp-content\/uploads\/2026\/04\/Gemini_Generated_Image_yy6ktjyy6ktjyy6k.png","datePublished":"2026-04-01T17:54:09+00:00","dateModified":"2026-04-10T16:45:10+00:00","breadcrumb":{"@id":"https:\/\/marybiocoop.org\/?product=huile-de-sesame#breadcrumb"},"inLanguage":"fr-FR","potentialAction":[{"@type":"ReadAction","target":["https:\/\/marybiocoop.org\/?product=huile-de-sesame"]}]},{"@type":"ImageObject","inLanguage":"fr-FR","@id":"https:\/\/marybiocoop.org\/?product=huile-de-sesame#primaryimage","url":"https:\/\/marybiocoop.org\/wp-content\/uploads\/2026\/04\/Gemini_Generated_Image_yy6ktjyy6ktjyy6k.png","contentUrl":"https:\/\/marybiocoop.org\/wp-content\/uploads\/2026\/04\/Gemini_Generated_Image_yy6ktjyy6ktjyy6k.png","width":864,"height":1184},{"@type":"BreadcrumbList","@id":"https:\/\/marybiocoop.org\/?product=huile-de-sesame#breadcrumb","itemListElement":[{"@type":"ListItem","position":1,"name":"Accueil","item":"https:\/\/marybiocoop.org\/"},{"@type":"ListItem","position":2,"name":"Shop","item":"https:\/\/marybiocoop.org\/?page_id=35"},{"@type":"ListItem","position":3,"name":"Huile de Sesame"}]},{"@type":"WebSite","@id":"https:\/\/marybiocoop.org\/#website","url":"https:\/\/marybiocoop.org\/","name":"Mary Bio Coop","description":"Votre bien \u00eatre 100% naturel","publisher":{"@id":"https:\/\/marybiocoop.org\/#organization"},"potentialAction":[{"@type":"SearchAction","target":{"@type":"EntryPoint","urlTemplate":"https:\/\/marybiocoop.org\/?s={search_term_string}"},"query-input":{"@type":"PropertyValueSpecification","valueRequired":true,"valueName":"search_term_string"}}],"inLanguage":"fr-FR"},{"@type":"Organization","@id":"https:\/\/marybiocoop.org\/#organization","name":"Mary Bio Coop","url":"https:\/\/marybiocoop.org\/","logo":{"@type":"ImageObject","inLanguage":"fr-FR","@id":"https:\/\/marybiocoop.org\/#\/schema\/logo\/image\/","url":"https:\/\/marybiocoop.org\/wp-content\/uploads\/2025\/12\/cropped-Logo-Mary-coop-1.png","contentUrl":"https:\/\/marybiocoop.org\/wp-content\/uploads\/2025\/12\/cropped-Logo-Mary-coop-1.png","width":512,"height":512,"caption":"Mary Bio Coop"},"image":{"@id":"https:\/\/marybiocoop.org\/#\/schema\/logo\/image\/"},"sameAs":["https:\/\/web.facebook.com\/profile.php?id=61576906032274"]}]}},"_links":{"self":[{"href":"https:\/\/marybiocoop.org\/index.php?rest_route=\/wp\/v2\/product\/6727","targetHints":{"allow":["GET"]}}],"collection":[{"href":"https:\/\/marybiocoop.org\/index.php?rest_route=\/wp\/v2\/product"}],"about":[{"href":"https:\/\/marybiocoop.org\/index.php?rest_route=\/wp\/v2\/types\/product"}],"replies":[{"embeddable":true,"href":"https:\/\/marybiocoop.org\/index.php?rest_route=%2Fwp%2Fv2%2Fcomments&post=6727"}],"version-history":[{"count":2,"href":"https:\/\/marybiocoop.org\/index.php?rest_route=\/wp\/v2\/product\/6727\/revisions"}],"predecessor-version":[{"id":6781,"href":"https:\/\/marybiocoop.org\/index.php?rest_route=\/wp\/v2\/product\/6727\/revisions\/6781"}],"wp:featuredmedia":[{"embeddable":true,"href":"https:\/\/marybiocoop.org\/index.php?rest_route=\/wp\/v2\/media\/6673"}],"wp:attachment":[{"href":"https:\/\/marybiocoop.org\/index.php?rest_route=%2Fwp%2Fv2%2Fmedia&parent=6727"}],"wp:term":[{"taxonomy":"product_brand","embeddable":true,"href":"https:\/\/marybiocoop.org\/index.php?rest_route=%2Fwp%2Fv2%2Fproduct_brand&post=6727"},{"taxonomy":"product_cat","embeddable":true,"href":"https:\/\/marybiocoop.org\/index.php?rest_route=%2Fwp%2Fv2%2Fproduct_cat&post=6727"},{"taxonomy":"product_tag","embeddable":true,"href":"https:\/\/marybiocoop.org\/index.php?rest_route=%2Fwp%2Fv2%2Fproduct_tag&post=6727"}],"curies":[{"name":"wp","href":"https:\/\/api.w.org\/{rel}","templated":true}]}}