{"id":6792,"date":"2026-04-10T18:54:43","date_gmt":"2026-04-10T16:54:43","guid":{"rendered":"https:\/\/marybiocoop.org\/?post_type=product&#038;p=6792"},"modified":"2026-04-10T18:54:44","modified_gmt":"2026-04-10T16:54:44","slug":"savon-au-citron-neem","status":"publish","type":"product","link":"https:\/\/marybiocoop.org\/?product=savon-au-citron-neem","title":{"rendered":"Savon au Citron &#038; Neem"},"content":{"rendered":"","protected":false},"excerpt":{"rendered":"<p>Savon purifiant \u00e0 l&#8217;argile verte, alo\u00e8s Vera et neem. Id\u00e9al peaux grasses.<\/p>\n","protected":false},"featured_media":6785,"comment_status":"open","ping_status":"closed","template":"","meta":[],"product_brand":[94],"product_cat":[67,97],"product_tag":[],"class_list":{"0":"post-6792","1":"product","2":"type-product","3":"status-publish","4":"has-post-thumbnail","6":"product_brand-mary-bio","7":"product_cat-cosmetique-et-soins","8":"product_cat-savon","11":"instock","12":"shipping-taxable","13":"purchasable","14":"product-type-simple"},"yoast_head":"<!-- This site is optimized with the Yoast SEO plugin v27.3 - https:\/\/yoast.com\/product\/yoast-seo-wordpress\/ -->\n<title>Savon au Citron &amp; Neem - Mary Bio Coop<\/title>\n<meta name=\"robots\" content=\"index, follow, max-snippet:-1, max-image-preview:large, max-video-preview:-1\" \/>\n<link rel=\"canonical\" href=\"https:\/\/marybiocoop.org\/?product=savon-au-citron-neem\" \/>\n<meta property=\"og:locale\" content=\"fr_FR\" \/>\n<meta property=\"og:type\" content=\"article\" \/>\n<meta property=\"og:title\" content=\"Savon au Citron &amp; Neem - Mary Bio Coop\" \/>\n<meta property=\"og:description\" content=\"Savon purifiant \u00e0 l&#039;argile verte, alo\u00e8s Vera et neem. Id\u00e9al peaux grasses.\" \/>\n<meta property=\"og:url\" content=\"https:\/\/marybiocoop.org\/?product=savon-au-citron-neem\" \/>\n<meta property=\"og:site_name\" content=\"Mary Bio Coop\" \/>\n<meta property=\"article:publisher\" content=\"https:\/\/web.facebook.com\/profile.php?id=61576906032274\" \/>\n<meta property=\"article:modified_time\" content=\"2026-04-10T16:54:44+00:00\" \/>\n<meta property=\"og:image\" content=\"https:\/\/marybiocoop.org\/wp-content\/uploads\/2026\/04\/Gemini_Generated_Image_5xspba5xspba5xsp-345x462.png\" \/>\n\t<meta property=\"og:image:width\" content=\"345\" \/>\n\t<meta property=\"og:image:height\" content=\"462\" \/>\n\t<meta property=\"og:image:type\" content=\"image\/png\" \/>\n<meta name=\"twitter:card\" content=\"summary_large_image\" \/>\n<meta name=\"twitter:label1\" content=\"Dur\u00e9e de lecture estim\u00e9e\" \/>\n\t<meta name=\"twitter:data1\" content=\"1 minute\" \/>\n<script type=\"application\/ld+json\" class=\"yoast-schema-graph\">{\"@context\":\"https:\\\/\\\/schema.org\",\"@graph\":[{\"@type\":\"WebPage\",\"@id\":\"https:\\\/\\\/marybiocoop.org\\\/?product=savon-au-citron-neem\",\"url\":\"https:\\\/\\\/marybiocoop.org\\\/?product=savon-au-citron-neem\",\"name\":\"Savon au Citron & Neem - Mary Bio Coop\",\"isPartOf\":{\"@id\":\"https:\\\/\\\/marybiocoop.org\\\/#website\"},\"primaryImageOfPage\":{\"@id\":\"https:\\\/\\\/marybiocoop.org\\\/?product=savon-au-citron-neem#primaryimage\"},\"image\":{\"@id\":\"https:\\\/\\\/marybiocoop.org\\\/?product=savon-au-citron-neem#primaryimage\"},\"thumbnailUrl\":\"https:\\\/\\\/marybiocoop.org\\\/wp-content\\\/uploads\\\/2026\\\/04\\\/Gemini_Generated_Image_5xspba5xspba5xsp.png\",\"datePublished\":\"2026-04-10T16:54:43+00:00\",\"dateModified\":\"2026-04-10T16:54:44+00:00\",\"breadcrumb\":{\"@id\":\"https:\\\/\\\/marybiocoop.org\\\/?product=savon-au-citron-neem#breadcrumb\"},\"inLanguage\":\"fr-FR\",\"potentialAction\":[{\"@type\":\"ReadAction\",\"target\":[\"https:\\\/\\\/marybiocoop.org\\\/?product=savon-au-citron-neem\"]}]},{\"@type\":\"ImageObject\",\"inLanguage\":\"fr-FR\",\"@id\":\"https:\\\/\\\/marybiocoop.org\\\/?product=savon-au-citron-neem#primaryimage\",\"url\":\"https:\\\/\\\/marybiocoop.org\\\/wp-content\\\/uploads\\\/2026\\\/04\\\/Gemini_Generated_Image_5xspba5xspba5xsp.png\",\"contentUrl\":\"https:\\\/\\\/marybiocoop.org\\\/wp-content\\\/uploads\\\/2026\\\/04\\\/Gemini_Generated_Image_5xspba5xspba5xsp.png\",\"width\":895,\"height\":1200},{\"@type\":\"BreadcrumbList\",\"@id\":\"https:\\\/\\\/marybiocoop.org\\\/?product=savon-au-citron-neem#breadcrumb\",\"itemListElement\":[{\"@type\":\"ListItem\",\"position\":1,\"name\":\"Accueil\",\"item\":\"https:\\\/\\\/marybiocoop.org\\\/\"},{\"@type\":\"ListItem\",\"position\":2,\"name\":\"Shop\",\"item\":\"https:\\\/\\\/marybiocoop.org\\\/?page_id=35\"},{\"@type\":\"ListItem\",\"position\":3,\"name\":\"Savon au Citron &#038; Neem\"}]},{\"@type\":\"WebSite\",\"@id\":\"https:\\\/\\\/marybiocoop.org\\\/#website\",\"url\":\"https:\\\/\\\/marybiocoop.org\\\/\",\"name\":\"Mary Bio Coop\",\"description\":\"Votre bien \u00eatre 100% naturel\",\"publisher\":{\"@id\":\"https:\\\/\\\/marybiocoop.org\\\/#organization\"},\"potentialAction\":[{\"@type\":\"SearchAction\",\"target\":{\"@type\":\"EntryPoint\",\"urlTemplate\":\"https:\\\/\\\/marybiocoop.org\\\/?s={search_term_string}\"},\"query-input\":{\"@type\":\"PropertyValueSpecification\",\"valueRequired\":true,\"valueName\":\"search_term_string\"}}],\"inLanguage\":\"fr-FR\"},{\"@type\":\"Organization\",\"@id\":\"https:\\\/\\\/marybiocoop.org\\\/#organization\",\"name\":\"Mary Bio Coop\",\"url\":\"https:\\\/\\\/marybiocoop.org\\\/\",\"logo\":{\"@type\":\"ImageObject\",\"inLanguage\":\"fr-FR\",\"@id\":\"https:\\\/\\\/marybiocoop.org\\\/#\\\/schema\\\/logo\\\/image\\\/\",\"url\":\"https:\\\/\\\/marybiocoop.org\\\/wp-content\\\/uploads\\\/2025\\\/12\\\/cropped-Logo-Mary-coop-1.png\",\"contentUrl\":\"https:\\\/\\\/marybiocoop.org\\\/wp-content\\\/uploads\\\/2025\\\/12\\\/cropped-Logo-Mary-coop-1.png\",\"width\":512,\"height\":512,\"caption\":\"Mary Bio Coop\"},\"image\":{\"@id\":\"https:\\\/\\\/marybiocoop.org\\\/#\\\/schema\\\/logo\\\/image\\\/\"},\"sameAs\":[\"https:\\\/\\\/web.facebook.com\\\/profile.php?id=61576906032274\"]}]}<\/script>\n<!-- \/ Yoast SEO plugin. -->","yoast_head_json":{"title":"Savon au Citron & Neem - Mary Bio Coop","robots":{"index":"index","follow":"follow","max-snippet":"max-snippet:-1","max-image-preview":"max-image-preview:large","max-video-preview":"max-video-preview:-1"},"canonical":"https:\/\/marybiocoop.org\/?product=savon-au-citron-neem","og_locale":"fr_FR","og_type":"article","og_title":"Savon au Citron & Neem - Mary Bio Coop","og_description":"Savon purifiant \u00e0 l'argile verte, alo\u00e8s Vera et neem. Id\u00e9al peaux grasses.","og_url":"https:\/\/marybiocoop.org\/?product=savon-au-citron-neem","og_site_name":"Mary Bio Coop","article_publisher":"https:\/\/web.facebook.com\/profile.php?id=61576906032274","article_modified_time":"2026-04-10T16:54:44+00:00","og_image":[{"width":345,"height":462,"url":"https:\/\/marybiocoop.org\/wp-content\/uploads\/2026\/04\/Gemini_Generated_Image_5xspba5xspba5xsp-345x462.png","type":"image\/png"}],"twitter_card":"summary_large_image","twitter_misc":{"Dur\u00e9e de lecture estim\u00e9e":"1 minute"},"schema":{"@context":"https:\/\/schema.org","@graph":[{"@type":"WebPage","@id":"https:\/\/marybiocoop.org\/?product=savon-au-citron-neem","url":"https:\/\/marybiocoop.org\/?product=savon-au-citron-neem","name":"Savon au Citron & Neem - Mary Bio Coop","isPartOf":{"@id":"https:\/\/marybiocoop.org\/#website"},"primaryImageOfPage":{"@id":"https:\/\/marybiocoop.org\/?product=savon-au-citron-neem#primaryimage"},"image":{"@id":"https:\/\/marybiocoop.org\/?product=savon-au-citron-neem#primaryimage"},"thumbnailUrl":"https:\/\/marybiocoop.org\/wp-content\/uploads\/2026\/04\/Gemini_Generated_Image_5xspba5xspba5xsp.png","datePublished":"2026-04-10T16:54:43+00:00","dateModified":"2026-04-10T16:54:44+00:00","breadcrumb":{"@id":"https:\/\/marybiocoop.org\/?product=savon-au-citron-neem#breadcrumb"},"inLanguage":"fr-FR","potentialAction":[{"@type":"ReadAction","target":["https:\/\/marybiocoop.org\/?product=savon-au-citron-neem"]}]},{"@type":"ImageObject","inLanguage":"fr-FR","@id":"https:\/\/marybiocoop.org\/?product=savon-au-citron-neem#primaryimage","url":"https:\/\/marybiocoop.org\/wp-content\/uploads\/2026\/04\/Gemini_Generated_Image_5xspba5xspba5xsp.png","contentUrl":"https:\/\/marybiocoop.org\/wp-content\/uploads\/2026\/04\/Gemini_Generated_Image_5xspba5xspba5xsp.png","width":895,"height":1200},{"@type":"BreadcrumbList","@id":"https:\/\/marybiocoop.org\/?product=savon-au-citron-neem#breadcrumb","itemListElement":[{"@type":"ListItem","position":1,"name":"Accueil","item":"https:\/\/marybiocoop.org\/"},{"@type":"ListItem","position":2,"name":"Shop","item":"https:\/\/marybiocoop.org\/?page_id=35"},{"@type":"ListItem","position":3,"name":"Savon au Citron &#038; Neem"}]},{"@type":"WebSite","@id":"https:\/\/marybiocoop.org\/#website","url":"https:\/\/marybiocoop.org\/","name":"Mary Bio Coop","description":"Votre bien \u00eatre 100% naturel","publisher":{"@id":"https:\/\/marybiocoop.org\/#organization"},"potentialAction":[{"@type":"SearchAction","target":{"@type":"EntryPoint","urlTemplate":"https:\/\/marybiocoop.org\/?s={search_term_string}"},"query-input":{"@type":"PropertyValueSpecification","valueRequired":true,"valueName":"search_term_string"}}],"inLanguage":"fr-FR"},{"@type":"Organization","@id":"https:\/\/marybiocoop.org\/#organization","name":"Mary Bio Coop","url":"https:\/\/marybiocoop.org\/","logo":{"@type":"ImageObject","inLanguage":"fr-FR","@id":"https:\/\/marybiocoop.org\/#\/schema\/logo\/image\/","url":"https:\/\/marybiocoop.org\/wp-content\/uploads\/2025\/12\/cropped-Logo-Mary-coop-1.png","contentUrl":"https:\/\/marybiocoop.org\/wp-content\/uploads\/2025\/12\/cropped-Logo-Mary-coop-1.png","width":512,"height":512,"caption":"Mary Bio Coop"},"image":{"@id":"https:\/\/marybiocoop.org\/#\/schema\/logo\/image\/"},"sameAs":["https:\/\/web.facebook.com\/profile.php?id=61576906032274"]}]}},"_links":{"self":[{"href":"https:\/\/marybiocoop.org\/index.php?rest_route=\/wp\/v2\/product\/6792","targetHints":{"allow":["GET"]}}],"collection":[{"href":"https:\/\/marybiocoop.org\/index.php?rest_route=\/wp\/v2\/product"}],"about":[{"href":"https:\/\/marybiocoop.org\/index.php?rest_route=\/wp\/v2\/types\/product"}],"replies":[{"embeddable":true,"href":"https:\/\/marybiocoop.org\/index.php?rest_route=%2Fwp%2Fv2%2Fcomments&post=6792"}],"version-history":[{"count":1,"href":"https:\/\/marybiocoop.org\/index.php?rest_route=\/wp\/v2\/product\/6792\/revisions"}],"predecessor-version":[{"id":6793,"href":"https:\/\/marybiocoop.org\/index.php?rest_route=\/wp\/v2\/product\/6792\/revisions\/6793"}],"wp:featuredmedia":[{"embeddable":true,"href":"https:\/\/marybiocoop.org\/index.php?rest_route=\/wp\/v2\/media\/6785"}],"wp:attachment":[{"href":"https:\/\/marybiocoop.org\/index.php?rest_route=%2Fwp%2Fv2%2Fmedia&parent=6792"}],"wp:term":[{"taxonomy":"product_brand","embeddable":true,"href":"https:\/\/marybiocoop.org\/index.php?rest_route=%2Fwp%2Fv2%2Fproduct_brand&post=6792"},{"taxonomy":"product_cat","embeddable":true,"href":"https:\/\/marybiocoop.org\/index.php?rest_route=%2Fwp%2Fv2%2Fproduct_cat&post=6792"},{"taxonomy":"product_tag","embeddable":true,"href":"https:\/\/marybiocoop.org\/index.php?rest_route=%2Fwp%2Fv2%2Fproduct_tag&post=6792"}],"curies":[{"name":"wp","href":"https:\/\/api.w.org\/{rel}","templated":true}]}}