{"id":6794,"date":"2026-04-10T18:55:46","date_gmt":"2026-04-10T16:55:46","guid":{"rendered":"https:\/\/marybiocoop.org\/?post_type=product&#038;p=6794"},"modified":"2026-04-10T20:59:28","modified_gmt":"2026-04-10T18:59:28","slug":"savon-a-la-bave-descargot","status":"publish","type":"product","link":"https:\/\/marybiocoop.org\/?product=savon-a-la-bave-descargot","title":{"rendered":"Savon \u00e0 la Bave d&#8217;Escargot"},"content":{"rendered":"","protected":false},"excerpt":{"rendered":"<p>R\u00e9g\u00e9n\u00e9rant et cicatrisant, aide contre les taches et imperfections.<\/p>\n","protected":false},"featured_media":6786,"comment_status":"open","ping_status":"closed","template":"","meta":[],"product_brand":[94],"product_cat":[67,97],"product_tag":[],"class_list":{"0":"post-6794","1":"product","2":"type-product","3":"status-publish","4":"has-post-thumbnail","6":"product_brand-mary-bio","7":"product_cat-cosmetique-et-soins","8":"product_cat-savon","11":"instock","12":"shipping-taxable","13":"purchasable","14":"product-type-simple"},"yoast_head":"<!-- This site is optimized with the Yoast SEO plugin v27.3 - https:\/\/yoast.com\/product\/yoast-seo-wordpress\/ -->\n<title>Savon \u00e0 la Bave d&#039;Escargot - Mary Bio Coop<\/title>\n<meta name=\"description\" content=\"R\u00e9g\u00e9n\u00e9rant et cicatrisant, aide contre les taches et imperfections.\" \/>\n<meta name=\"robots\" content=\"index, follow, max-snippet:-1, max-image-preview:large, max-video-preview:-1\" \/>\n<link rel=\"canonical\" href=\"https:\/\/marybiocoop.org\/?product=savon-a-la-bave-descargot\" \/>\n<meta property=\"og:locale\" content=\"fr_FR\" \/>\n<meta property=\"og:type\" content=\"article\" \/>\n<meta property=\"og:title\" content=\"Savon \u00e0 la Bave d&#039;Escargot - Mary Bio Coop\" \/>\n<meta property=\"og:description\" content=\"R\u00e9g\u00e9n\u00e9rant et cicatrisant, aide contre les taches et imperfections.\" \/>\n<meta property=\"og:url\" content=\"https:\/\/marybiocoop.org\/?product=savon-a-la-bave-descargot\" \/>\n<meta property=\"og:site_name\" content=\"Mary Bio Coop\" \/>\n<meta property=\"article:publisher\" content=\"https:\/\/web.facebook.com\/profile.php?id=61576906032274\" \/>\n<meta property=\"article:modified_time\" content=\"2026-04-10T18:59:28+00:00\" \/>\n<meta property=\"og:image\" content=\"https:\/\/marybiocoop.org\/wp-content\/uploads\/2026\/04\/Gemini_Generated_Image_6f0llz6f0llz6f0l-348x462.png\" \/>\n\t<meta property=\"og:image:width\" content=\"348\" \/>\n\t<meta property=\"og:image:height\" content=\"462\" \/>\n\t<meta property=\"og:image:type\" content=\"image\/png\" \/>\n<meta name=\"twitter:card\" content=\"summary_large_image\" \/>\n<meta name=\"twitter:label1\" content=\"Dur\u00e9e de lecture estim\u00e9e\" \/>\n\t<meta name=\"twitter:data1\" content=\"1 minute\" \/>\n<script type=\"application\/ld+json\" class=\"yoast-schema-graph\">{\"@context\":\"https:\\\/\\\/schema.org\",\"@graph\":[{\"@type\":\"WebPage\",\"@id\":\"https:\\\/\\\/marybiocoop.org\\\/?product=savon-a-la-bave-descargot\",\"url\":\"https:\\\/\\\/marybiocoop.org\\\/?product=savon-a-la-bave-descargot\",\"name\":\"Savon \u00e0 la Bave d'Escargot - Mary Bio Coop\",\"isPartOf\":{\"@id\":\"https:\\\/\\\/marybiocoop.org\\\/#website\"},\"primaryImageOfPage\":{\"@id\":\"https:\\\/\\\/marybiocoop.org\\\/?product=savon-a-la-bave-descargot#primaryimage\"},\"image\":{\"@id\":\"https:\\\/\\\/marybiocoop.org\\\/?product=savon-a-la-bave-descargot#primaryimage\"},\"thumbnailUrl\":\"https:\\\/\\\/marybiocoop.org\\\/wp-content\\\/uploads\\\/2026\\\/04\\\/Gemini_Generated_Image_6f0llz6f0llz6f0l.png\",\"datePublished\":\"2026-04-10T16:55:46+00:00\",\"dateModified\":\"2026-04-10T18:59:28+00:00\",\"description\":\"R\u00e9g\u00e9n\u00e9rant et cicatrisant, aide contre les taches et imperfections.\",\"breadcrumb\":{\"@id\":\"https:\\\/\\\/marybiocoop.org\\\/?product=savon-a-la-bave-descargot#breadcrumb\"},\"inLanguage\":\"fr-FR\",\"potentialAction\":[{\"@type\":\"ReadAction\",\"target\":[\"https:\\\/\\\/marybiocoop.org\\\/?product=savon-a-la-bave-descargot\"]}]},{\"@type\":\"ImageObject\",\"inLanguage\":\"fr-FR\",\"@id\":\"https:\\\/\\\/marybiocoop.org\\\/?product=savon-a-la-bave-descargot#primaryimage\",\"url\":\"https:\\\/\\\/marybiocoop.org\\\/wp-content\\\/uploads\\\/2026\\\/04\\\/Gemini_Generated_Image_6f0llz6f0llz6f0l.png\",\"contentUrl\":\"https:\\\/\\\/marybiocoop.org\\\/wp-content\\\/uploads\\\/2026\\\/04\\\/Gemini_Generated_Image_6f0llz6f0llz6f0l.png\",\"width\":896,\"height\":1190},{\"@type\":\"BreadcrumbList\",\"@id\":\"https:\\\/\\\/marybiocoop.org\\\/?product=savon-a-la-bave-descargot#breadcrumb\",\"itemListElement\":[{\"@type\":\"ListItem\",\"position\":1,\"name\":\"Accueil\",\"item\":\"https:\\\/\\\/marybiocoop.org\\\/\"},{\"@type\":\"ListItem\",\"position\":2,\"name\":\"Shop\",\"item\":\"https:\\\/\\\/marybiocoop.org\\\/?page_id=35\"},{\"@type\":\"ListItem\",\"position\":3,\"name\":\"Savon \u00e0 la Bave d&#8217;Escargot\"}]},{\"@type\":\"WebSite\",\"@id\":\"https:\\\/\\\/marybiocoop.org\\\/#website\",\"url\":\"https:\\\/\\\/marybiocoop.org\\\/\",\"name\":\"Mary Bio Coop\",\"description\":\"Votre bien \u00eatre 100% naturel\",\"publisher\":{\"@id\":\"https:\\\/\\\/marybiocoop.org\\\/#organization\"},\"potentialAction\":[{\"@type\":\"SearchAction\",\"target\":{\"@type\":\"EntryPoint\",\"urlTemplate\":\"https:\\\/\\\/marybiocoop.org\\\/?s={search_term_string}\"},\"query-input\":{\"@type\":\"PropertyValueSpecification\",\"valueRequired\":true,\"valueName\":\"search_term_string\"}}],\"inLanguage\":\"fr-FR\"},{\"@type\":\"Organization\",\"@id\":\"https:\\\/\\\/marybiocoop.org\\\/#organization\",\"name\":\"Mary Bio Coop\",\"url\":\"https:\\\/\\\/marybiocoop.org\\\/\",\"logo\":{\"@type\":\"ImageObject\",\"inLanguage\":\"fr-FR\",\"@id\":\"https:\\\/\\\/marybiocoop.org\\\/#\\\/schema\\\/logo\\\/image\\\/\",\"url\":\"https:\\\/\\\/marybiocoop.org\\\/wp-content\\\/uploads\\\/2025\\\/12\\\/cropped-Logo-Mary-coop-1.png\",\"contentUrl\":\"https:\\\/\\\/marybiocoop.org\\\/wp-content\\\/uploads\\\/2025\\\/12\\\/cropped-Logo-Mary-coop-1.png\",\"width\":512,\"height\":512,\"caption\":\"Mary Bio Coop\"},\"image\":{\"@id\":\"https:\\\/\\\/marybiocoop.org\\\/#\\\/schema\\\/logo\\\/image\\\/\"},\"sameAs\":[\"https:\\\/\\\/web.facebook.com\\\/profile.php?id=61576906032274\"]}]}<\/script>\n<!-- \/ Yoast SEO plugin. -->","yoast_head_json":{"title":"Savon \u00e0 la Bave d'Escargot - Mary Bio Coop","description":"R\u00e9g\u00e9n\u00e9rant et cicatrisant, aide contre les taches et imperfections.","robots":{"index":"index","follow":"follow","max-snippet":"max-snippet:-1","max-image-preview":"max-image-preview:large","max-video-preview":"max-video-preview:-1"},"canonical":"https:\/\/marybiocoop.org\/?product=savon-a-la-bave-descargot","og_locale":"fr_FR","og_type":"article","og_title":"Savon \u00e0 la Bave d'Escargot - Mary Bio Coop","og_description":"R\u00e9g\u00e9n\u00e9rant et cicatrisant, aide contre les taches et imperfections.","og_url":"https:\/\/marybiocoop.org\/?product=savon-a-la-bave-descargot","og_site_name":"Mary Bio Coop","article_publisher":"https:\/\/web.facebook.com\/profile.php?id=61576906032274","article_modified_time":"2026-04-10T18:59:28+00:00","og_image":[{"width":348,"height":462,"url":"https:\/\/marybiocoop.org\/wp-content\/uploads\/2026\/04\/Gemini_Generated_Image_6f0llz6f0llz6f0l-348x462.png","type":"image\/png"}],"twitter_card":"summary_large_image","twitter_misc":{"Dur\u00e9e de lecture estim\u00e9e":"1 minute"},"schema":{"@context":"https:\/\/schema.org","@graph":[{"@type":"WebPage","@id":"https:\/\/marybiocoop.org\/?product=savon-a-la-bave-descargot","url":"https:\/\/marybiocoop.org\/?product=savon-a-la-bave-descargot","name":"Savon \u00e0 la Bave d'Escargot - Mary Bio Coop","isPartOf":{"@id":"https:\/\/marybiocoop.org\/#website"},"primaryImageOfPage":{"@id":"https:\/\/marybiocoop.org\/?product=savon-a-la-bave-descargot#primaryimage"},"image":{"@id":"https:\/\/marybiocoop.org\/?product=savon-a-la-bave-descargot#primaryimage"},"thumbnailUrl":"https:\/\/marybiocoop.org\/wp-content\/uploads\/2026\/04\/Gemini_Generated_Image_6f0llz6f0llz6f0l.png","datePublished":"2026-04-10T16:55:46+00:00","dateModified":"2026-04-10T18:59:28+00:00","description":"R\u00e9g\u00e9n\u00e9rant et cicatrisant, aide contre les taches et imperfections.","breadcrumb":{"@id":"https:\/\/marybiocoop.org\/?product=savon-a-la-bave-descargot#breadcrumb"},"inLanguage":"fr-FR","potentialAction":[{"@type":"ReadAction","target":["https:\/\/marybiocoop.org\/?product=savon-a-la-bave-descargot"]}]},{"@type":"ImageObject","inLanguage":"fr-FR","@id":"https:\/\/marybiocoop.org\/?product=savon-a-la-bave-descargot#primaryimage","url":"https:\/\/marybiocoop.org\/wp-content\/uploads\/2026\/04\/Gemini_Generated_Image_6f0llz6f0llz6f0l.png","contentUrl":"https:\/\/marybiocoop.org\/wp-content\/uploads\/2026\/04\/Gemini_Generated_Image_6f0llz6f0llz6f0l.png","width":896,"height":1190},{"@type":"BreadcrumbList","@id":"https:\/\/marybiocoop.org\/?product=savon-a-la-bave-descargot#breadcrumb","itemListElement":[{"@type":"ListItem","position":1,"name":"Accueil","item":"https:\/\/marybiocoop.org\/"},{"@type":"ListItem","position":2,"name":"Shop","item":"https:\/\/marybiocoop.org\/?page_id=35"},{"@type":"ListItem","position":3,"name":"Savon \u00e0 la Bave d&#8217;Escargot"}]},{"@type":"WebSite","@id":"https:\/\/marybiocoop.org\/#website","url":"https:\/\/marybiocoop.org\/","name":"Mary Bio Coop","description":"Votre bien \u00eatre 100% naturel","publisher":{"@id":"https:\/\/marybiocoop.org\/#organization"},"potentialAction":[{"@type":"SearchAction","target":{"@type":"EntryPoint","urlTemplate":"https:\/\/marybiocoop.org\/?s={search_term_string}"},"query-input":{"@type":"PropertyValueSpecification","valueRequired":true,"valueName":"search_term_string"}}],"inLanguage":"fr-FR"},{"@type":"Organization","@id":"https:\/\/marybiocoop.org\/#organization","name":"Mary Bio Coop","url":"https:\/\/marybiocoop.org\/","logo":{"@type":"ImageObject","inLanguage":"fr-FR","@id":"https:\/\/marybiocoop.org\/#\/schema\/logo\/image\/","url":"https:\/\/marybiocoop.org\/wp-content\/uploads\/2025\/12\/cropped-Logo-Mary-coop-1.png","contentUrl":"https:\/\/marybiocoop.org\/wp-content\/uploads\/2025\/12\/cropped-Logo-Mary-coop-1.png","width":512,"height":512,"caption":"Mary Bio Coop"},"image":{"@id":"https:\/\/marybiocoop.org\/#\/schema\/logo\/image\/"},"sameAs":["https:\/\/web.facebook.com\/profile.php?id=61576906032274"]}]}},"_links":{"self":[{"href":"https:\/\/marybiocoop.org\/index.php?rest_route=\/wp\/v2\/product\/6794","targetHints":{"allow":["GET"]}}],"collection":[{"href":"https:\/\/marybiocoop.org\/index.php?rest_route=\/wp\/v2\/product"}],"about":[{"href":"https:\/\/marybiocoop.org\/index.php?rest_route=\/wp\/v2\/types\/product"}],"replies":[{"embeddable":true,"href":"https:\/\/marybiocoop.org\/index.php?rest_route=%2Fwp%2Fv2%2Fcomments&post=6794"}],"version-history":[{"count":1,"href":"https:\/\/marybiocoop.org\/index.php?rest_route=\/wp\/v2\/product\/6794\/revisions"}],"predecessor-version":[{"id":6795,"href":"https:\/\/marybiocoop.org\/index.php?rest_route=\/wp\/v2\/product\/6794\/revisions\/6795"}],"wp:featuredmedia":[{"embeddable":true,"href":"https:\/\/marybiocoop.org\/index.php?rest_route=\/wp\/v2\/media\/6786"}],"wp:attachment":[{"href":"https:\/\/marybiocoop.org\/index.php?rest_route=%2Fwp%2Fv2%2Fmedia&parent=6794"}],"wp:term":[{"taxonomy":"product_brand","embeddable":true,"href":"https:\/\/marybiocoop.org\/index.php?rest_route=%2Fwp%2Fv2%2Fproduct_brand&post=6794"},{"taxonomy":"product_cat","embeddable":true,"href":"https:\/\/marybiocoop.org\/index.php?rest_route=%2Fwp%2Fv2%2Fproduct_cat&post=6794"},{"taxonomy":"product_tag","embeddable":true,"href":"https:\/\/marybiocoop.org\/index.php?rest_route=%2Fwp%2Fv2%2Fproduct_tag&post=6794"}],"curies":[{"name":"wp","href":"https:\/\/api.w.org\/{rel}","templated":true}]}}