{"id":6853,"date":"2026-04-10T20:13:22","date_gmt":"2026-04-10T18:13:22","guid":{"rendered":"https:\/\/marybiocoop.org\/?post_type=product&#038;p=6853"},"modified":"2026-04-10T20:13:22","modified_gmt":"2026-04-10T18:13:22","slug":"miel-brun-doku","status":"publish","type":"product","link":"https:\/\/marybiocoop.org\/?product=miel-brun-doku","title":{"rendered":"Miel Brun d\u2019Oku"},"content":{"rendered":"<table>\n<tbody>\n<tr>\n<td><strong>Caract\u00e9ristiques principales :<\/strong><\/p>\n<p><strong>Couleur :<\/strong>\u00a0Ambr\u00e9 sombre \u00e0 presque noir.<\/p>\n<p><strong>Go\u00fbt :<\/strong>\u00a0Prononc\u00e9, persistant en bouche, avec des notes de caramel, de noisette ou de sous-bois.<\/p>\n<p><strong>Texture :<\/strong>\u00a0Souvent \u00e9paisse et liquide ou cr\u00e9meuse.<\/p>\n<p><strong>Exemples :<\/strong>\u00a0Miel de ch\u00e2taignier (marron), miel de sapin (sombre), miel de bruy\u00e8re (brun roux), miel d&#8217;Oku.<\/p>\n<p><strong>Bienfaits et utilisations :<\/strong><\/p>\n<p><strong>Vertus :<\/strong>\u00a0Les miels fonc\u00e9s sont g\u00e9n\u00e9ralement plus riches en antioxydants et en oligo-\u00e9l\u00e9ments.<\/p>\n<p><strong>Usage culinaire :<\/strong>\u00a0Id\u00e9al pour les pains d&#8217;\u00e9pices, les sauces ou sur des fromages de caract\u00e8re, gr\u00e2ce \u00e0 son go\u00fbt puissant.<\/p>\n<p><strong>Conservation :<\/strong>\u00a0Riche en fructose, il reste liquide plus longtemps que les miels clairs.<\/p>\n<p>&nbsp;<\/p>\n<p>Ces miels sont souvent le r\u00e9sultat de la butinage de miellats (s\u00e9cr\u00e9tions d&#8217;insectes sur les arbres) ou de fleurs sp\u00e9cifiques comme la ch\u00e2taignier<\/td>\n<\/tr>\n<\/tbody>\n<\/table>\n","protected":false},"excerpt":{"rendered":"<p>Le miel brun est un\u00a0miel sombre, souvent caract\u00e9ris\u00e9 par une forte teneur en min\u00e9raux et des ar\u00f4mes intenses, bois\u00e9s ou fruit\u00e9s. Ces miels, comme ceux de ch\u00e2taignier, de sapin ou le miel d&#8217;Oku (Cameroun), sont r\u00e9put\u00e9s pour \u00eatre moins sucr\u00e9s, plus riches en antioxydants et fer, et cristallisent g\u00e9n\u00e9ralement lentement.<\/p>\n","protected":false},"featured_media":6846,"comment_status":"open","ping_status":"closed","template":"","meta":[],"product_brand":[94],"product_cat":[106,109],"product_tag":[],"class_list":{"0":"post-6853","1":"product","2":"type-product","3":"status-publish","4":"has-post-thumbnail","6":"product_brand-mary-bio","7":"product_cat-alimentaire","8":"product_cat-miel","11":"instock","12":"shipping-taxable","13":"purchasable","14":"product-type-simple"},"yoast_head":"<!-- This site is optimized with the Yoast SEO plugin v27.3 - https:\/\/yoast.com\/product\/yoast-seo-wordpress\/ -->\n<title>Miel Brun d\u2019Oku - Mary Bio Coop<\/title>\n<meta name=\"description\" content=\"Le miel brun est un\u00a0miel sombre, souvent caract\u00e9ris\u00e9 par une forte teneur en min\u00e9raux et des ar\u00f4mes intenses, bois\u00e9s ou fruit\u00e9s.\" \/>\n<meta name=\"robots\" content=\"index, follow, max-snippet:-1, max-image-preview:large, max-video-preview:-1\" \/>\n<link rel=\"canonical\" href=\"https:\/\/marybiocoop.org\/?product=miel-brun-doku\" \/>\n<meta property=\"og:locale\" content=\"fr_FR\" \/>\n<meta property=\"og:type\" content=\"article\" \/>\n<meta property=\"og:title\" content=\"Miel Brun d\u2019Oku - Mary Bio Coop\" \/>\n<meta property=\"og:description\" content=\"Le miel brun est un\u00a0miel sombre, souvent caract\u00e9ris\u00e9 par une forte teneur en min\u00e9raux et des ar\u00f4mes intenses, bois\u00e9s ou fruit\u00e9s.\" \/>\n<meta property=\"og:url\" content=\"https:\/\/marybiocoop.org\/?product=miel-brun-doku\" \/>\n<meta property=\"og:site_name\" content=\"Mary Bio Coop\" \/>\n<meta property=\"article:publisher\" content=\"https:\/\/web.facebook.com\/profile.php?id=61576906032274\" \/>\n<meta property=\"og:image\" content=\"https:\/\/marybiocoop.org\/wp-content\/uploads\/2026\/04\/5da9f97e-a277-4f5a-9bb1-335b788e86ec.jpg\" \/>\n\t<meta property=\"og:image:width\" content=\"774\" \/>\n\t<meta property=\"og:image:height\" content=\"1024\" \/>\n\t<meta property=\"og:image:type\" content=\"image\/jpeg\" \/>\n<meta name=\"twitter:card\" content=\"summary_large_image\" \/>\n<meta name=\"twitter:label1\" content=\"Dur\u00e9e de lecture estim\u00e9e\" \/>\n\t<meta name=\"twitter:data1\" content=\"1 minute\" \/>\n<script type=\"application\/ld+json\" class=\"yoast-schema-graph\">{\"@context\":\"https:\\\/\\\/schema.org\",\"@graph\":[{\"@type\":\"WebPage\",\"@id\":\"https:\\\/\\\/marybiocoop.org\\\/?product=miel-brun-doku\",\"url\":\"https:\\\/\\\/marybiocoop.org\\\/?product=miel-brun-doku\",\"name\":\"Miel Brun d\u2019Oku - Mary Bio Coop\",\"isPartOf\":{\"@id\":\"https:\\\/\\\/marybiocoop.org\\\/#website\"},\"primaryImageOfPage\":{\"@id\":\"https:\\\/\\\/marybiocoop.org\\\/?product=miel-brun-doku#primaryimage\"},\"image\":{\"@id\":\"https:\\\/\\\/marybiocoop.org\\\/?product=miel-brun-doku#primaryimage\"},\"thumbnailUrl\":\"https:\\\/\\\/marybiocoop.org\\\/wp-content\\\/uploads\\\/2026\\\/04\\\/5da9f97e-a277-4f5a-9bb1-335b788e86ec.jpg\",\"datePublished\":\"2026-04-10T18:13:22+00:00\",\"description\":\"Le miel brun est un\u00a0miel sombre, souvent caract\u00e9ris\u00e9 par une forte teneur en min\u00e9raux et des ar\u00f4mes intenses, bois\u00e9s ou fruit\u00e9s.\",\"breadcrumb\":{\"@id\":\"https:\\\/\\\/marybiocoop.org\\\/?product=miel-brun-doku#breadcrumb\"},\"inLanguage\":\"fr-FR\",\"potentialAction\":[{\"@type\":\"ReadAction\",\"target\":[\"https:\\\/\\\/marybiocoop.org\\\/?product=miel-brun-doku\"]}]},{\"@type\":\"ImageObject\",\"inLanguage\":\"fr-FR\",\"@id\":\"https:\\\/\\\/marybiocoop.org\\\/?product=miel-brun-doku#primaryimage\",\"url\":\"https:\\\/\\\/marybiocoop.org\\\/wp-content\\\/uploads\\\/2026\\\/04\\\/5da9f97e-a277-4f5a-9bb1-335b788e86ec.jpg\",\"contentUrl\":\"https:\\\/\\\/marybiocoop.org\\\/wp-content\\\/uploads\\\/2026\\\/04\\\/5da9f97e-a277-4f5a-9bb1-335b788e86ec.jpg\",\"width\":774,\"height\":1024},{\"@type\":\"BreadcrumbList\",\"@id\":\"https:\\\/\\\/marybiocoop.org\\\/?product=miel-brun-doku#breadcrumb\",\"itemListElement\":[{\"@type\":\"ListItem\",\"position\":1,\"name\":\"Accueil\",\"item\":\"https:\\\/\\\/marybiocoop.org\\\/\"},{\"@type\":\"ListItem\",\"position\":2,\"name\":\"Shop\",\"item\":\"https:\\\/\\\/marybiocoop.org\\\/?page_id=35\"},{\"@type\":\"ListItem\",\"position\":3,\"name\":\"Miel Brun d\u2019Oku\"}]},{\"@type\":\"WebSite\",\"@id\":\"https:\\\/\\\/marybiocoop.org\\\/#website\",\"url\":\"https:\\\/\\\/marybiocoop.org\\\/\",\"name\":\"Mary Bio Coop\",\"description\":\"Votre bien \u00eatre 100% naturel\",\"publisher\":{\"@id\":\"https:\\\/\\\/marybiocoop.org\\\/#organization\"},\"potentialAction\":[{\"@type\":\"SearchAction\",\"target\":{\"@type\":\"EntryPoint\",\"urlTemplate\":\"https:\\\/\\\/marybiocoop.org\\\/?s={search_term_string}\"},\"query-input\":{\"@type\":\"PropertyValueSpecification\",\"valueRequired\":true,\"valueName\":\"search_term_string\"}}],\"inLanguage\":\"fr-FR\"},{\"@type\":\"Organization\",\"@id\":\"https:\\\/\\\/marybiocoop.org\\\/#organization\",\"name\":\"Mary Bio Coop\",\"url\":\"https:\\\/\\\/marybiocoop.org\\\/\",\"logo\":{\"@type\":\"ImageObject\",\"inLanguage\":\"fr-FR\",\"@id\":\"https:\\\/\\\/marybiocoop.org\\\/#\\\/schema\\\/logo\\\/image\\\/\",\"url\":\"https:\\\/\\\/marybiocoop.org\\\/wp-content\\\/uploads\\\/2025\\\/12\\\/cropped-Logo-Mary-coop-1.png\",\"contentUrl\":\"https:\\\/\\\/marybiocoop.org\\\/wp-content\\\/uploads\\\/2025\\\/12\\\/cropped-Logo-Mary-coop-1.png\",\"width\":512,\"height\":512,\"caption\":\"Mary Bio Coop\"},\"image\":{\"@id\":\"https:\\\/\\\/marybiocoop.org\\\/#\\\/schema\\\/logo\\\/image\\\/\"},\"sameAs\":[\"https:\\\/\\\/web.facebook.com\\\/profile.php?id=61576906032274\"]}]}<\/script>\n<!-- \/ Yoast SEO plugin. -->","yoast_head_json":{"title":"Miel Brun d\u2019Oku - Mary Bio Coop","description":"Le miel brun est un\u00a0miel sombre, souvent caract\u00e9ris\u00e9 par une forte teneur en min\u00e9raux et des ar\u00f4mes intenses, bois\u00e9s ou fruit\u00e9s.","robots":{"index":"index","follow":"follow","max-snippet":"max-snippet:-1","max-image-preview":"max-image-preview:large","max-video-preview":"max-video-preview:-1"},"canonical":"https:\/\/marybiocoop.org\/?product=miel-brun-doku","og_locale":"fr_FR","og_type":"article","og_title":"Miel Brun d\u2019Oku - Mary Bio Coop","og_description":"Le miel brun est un\u00a0miel sombre, souvent caract\u00e9ris\u00e9 par une forte teneur en min\u00e9raux et des ar\u00f4mes intenses, bois\u00e9s ou fruit\u00e9s.","og_url":"https:\/\/marybiocoop.org\/?product=miel-brun-doku","og_site_name":"Mary Bio Coop","article_publisher":"https:\/\/web.facebook.com\/profile.php?id=61576906032274","og_image":[{"width":774,"height":1024,"url":"https:\/\/marybiocoop.org\/wp-content\/uploads\/2026\/04\/5da9f97e-a277-4f5a-9bb1-335b788e86ec.jpg","type":"image\/jpeg"}],"twitter_card":"summary_large_image","twitter_misc":{"Dur\u00e9e de lecture estim\u00e9e":"1 minute"},"schema":{"@context":"https:\/\/schema.org","@graph":[{"@type":"WebPage","@id":"https:\/\/marybiocoop.org\/?product=miel-brun-doku","url":"https:\/\/marybiocoop.org\/?product=miel-brun-doku","name":"Miel Brun d\u2019Oku - Mary Bio Coop","isPartOf":{"@id":"https:\/\/marybiocoop.org\/#website"},"primaryImageOfPage":{"@id":"https:\/\/marybiocoop.org\/?product=miel-brun-doku#primaryimage"},"image":{"@id":"https:\/\/marybiocoop.org\/?product=miel-brun-doku#primaryimage"},"thumbnailUrl":"https:\/\/marybiocoop.org\/wp-content\/uploads\/2026\/04\/5da9f97e-a277-4f5a-9bb1-335b788e86ec.jpg","datePublished":"2026-04-10T18:13:22+00:00","description":"Le miel brun est un\u00a0miel sombre, souvent caract\u00e9ris\u00e9 par une forte teneur en min\u00e9raux et des ar\u00f4mes intenses, bois\u00e9s ou fruit\u00e9s.","breadcrumb":{"@id":"https:\/\/marybiocoop.org\/?product=miel-brun-doku#breadcrumb"},"inLanguage":"fr-FR","potentialAction":[{"@type":"ReadAction","target":["https:\/\/marybiocoop.org\/?product=miel-brun-doku"]}]},{"@type":"ImageObject","inLanguage":"fr-FR","@id":"https:\/\/marybiocoop.org\/?product=miel-brun-doku#primaryimage","url":"https:\/\/marybiocoop.org\/wp-content\/uploads\/2026\/04\/5da9f97e-a277-4f5a-9bb1-335b788e86ec.jpg","contentUrl":"https:\/\/marybiocoop.org\/wp-content\/uploads\/2026\/04\/5da9f97e-a277-4f5a-9bb1-335b788e86ec.jpg","width":774,"height":1024},{"@type":"BreadcrumbList","@id":"https:\/\/marybiocoop.org\/?product=miel-brun-doku#breadcrumb","itemListElement":[{"@type":"ListItem","position":1,"name":"Accueil","item":"https:\/\/marybiocoop.org\/"},{"@type":"ListItem","position":2,"name":"Shop","item":"https:\/\/marybiocoop.org\/?page_id=35"},{"@type":"ListItem","position":3,"name":"Miel Brun d\u2019Oku"}]},{"@type":"WebSite","@id":"https:\/\/marybiocoop.org\/#website","url":"https:\/\/marybiocoop.org\/","name":"Mary Bio Coop","description":"Votre bien \u00eatre 100% naturel","publisher":{"@id":"https:\/\/marybiocoop.org\/#organization"},"potentialAction":[{"@type":"SearchAction","target":{"@type":"EntryPoint","urlTemplate":"https:\/\/marybiocoop.org\/?s={search_term_string}"},"query-input":{"@type":"PropertyValueSpecification","valueRequired":true,"valueName":"search_term_string"}}],"inLanguage":"fr-FR"},{"@type":"Organization","@id":"https:\/\/marybiocoop.org\/#organization","name":"Mary Bio Coop","url":"https:\/\/marybiocoop.org\/","logo":{"@type":"ImageObject","inLanguage":"fr-FR","@id":"https:\/\/marybiocoop.org\/#\/schema\/logo\/image\/","url":"https:\/\/marybiocoop.org\/wp-content\/uploads\/2025\/12\/cropped-Logo-Mary-coop-1.png","contentUrl":"https:\/\/marybiocoop.org\/wp-content\/uploads\/2025\/12\/cropped-Logo-Mary-coop-1.png","width":512,"height":512,"caption":"Mary Bio Coop"},"image":{"@id":"https:\/\/marybiocoop.org\/#\/schema\/logo\/image\/"},"sameAs":["https:\/\/web.facebook.com\/profile.php?id=61576906032274"]}]}},"_links":{"self":[{"href":"https:\/\/marybiocoop.org\/index.php?rest_route=\/wp\/v2\/product\/6853","targetHints":{"allow":["GET"]}}],"collection":[{"href":"https:\/\/marybiocoop.org\/index.php?rest_route=\/wp\/v2\/product"}],"about":[{"href":"https:\/\/marybiocoop.org\/index.php?rest_route=\/wp\/v2\/types\/product"}],"replies":[{"embeddable":true,"href":"https:\/\/marybiocoop.org\/index.php?rest_route=%2Fwp%2Fv2%2Fcomments&post=6853"}],"version-history":[{"count":1,"href":"https:\/\/marybiocoop.org\/index.php?rest_route=\/wp\/v2\/product\/6853\/revisions"}],"predecessor-version":[{"id":6854,"href":"https:\/\/marybiocoop.org\/index.php?rest_route=\/wp\/v2\/product\/6853\/revisions\/6854"}],"wp:featuredmedia":[{"embeddable":true,"href":"https:\/\/marybiocoop.org\/index.php?rest_route=\/wp\/v2\/media\/6846"}],"wp:attachment":[{"href":"https:\/\/marybiocoop.org\/index.php?rest_route=%2Fwp%2Fv2%2Fmedia&parent=6853"}],"wp:term":[{"taxonomy":"product_brand","embeddable":true,"href":"https:\/\/marybiocoop.org\/index.php?rest_route=%2Fwp%2Fv2%2Fproduct_brand&post=6853"},{"taxonomy":"product_cat","embeddable":true,"href":"https:\/\/marybiocoop.org\/index.php?rest_route=%2Fwp%2Fv2%2Fproduct_cat&post=6853"},{"taxonomy":"product_tag","embeddable":true,"href":"https:\/\/marybiocoop.org\/index.php?rest_route=%2Fwp%2Fv2%2Fproduct_tag&post=6853"}],"curies":[{"name":"wp","href":"https:\/\/api.w.org\/{rel}","templated":true}]}}