{"id":6866,"date":"2026-04-10T20:31:36","date_gmt":"2026-04-10T18:31:36","guid":{"rendered":"https:\/\/marybiocoop.org\/?post_type=product&#038;p=6866"},"modified":"2026-04-10T20:31:36","modified_gmt":"2026-04-10T18:31:36","slug":"huile-de-carotte","status":"publish","type":"product","link":"https:\/\/marybiocoop.org\/?product=huile-de-carotte","title":{"rendered":"Huile de carotte"},"content":{"rendered":"<table>\n<tbody>\n<tr>\n<td>Caract\u00e9ristiques et Bienfaits :<\/p>\n<p>Effet bonne mine : Riche en provitamine A, elle donne un teint \u00e9clatant et un h\u00e2le uniforme.<\/p>\n<p>Soins de la peau : Elle nourrit, assouplit, et aide \u00e0 pr\u00e9parer la peau au soleil ou \u00e0 prolonger le bronzage.<\/p>\n<p>Antioxydante : Pr\u00e9vient les signes du vieillissement et prot\u00e8ge des radicaux libres.<\/p>\n<p>Soin capillaire : Nourrit, r\u00e9pare les cheveux secs et cassants, et dompte les frisottis.<\/p>\n<p>Utilisation : Id\u00e9ale pour les peaux ternes ou fatigu\u00e9es, les soins apr\u00e8s-soleil, et s&#8217;applique souvent sur le visage et le corps.<\/p>\n<p>Conseils d&#8217;utilisation :<\/p>\n<p>Elle peut tacher, il est donc recommand\u00e9 de bien la faire p\u00e9n\u00e9trer.<\/p>\n<p>Conserver au frais, \u00e0 l&#8217;abri de l&#8217;air et de la lumi\u00e8re.<\/td>\n<\/tr>\n<\/tbody>\n<\/table>\n<p>Elle convient \u00e0 tous types de peau, notamment les peaux s\u00e8ches et ternes.<\/p>\n","protected":false},"excerpt":{"rendered":"<p>L&#8217;huile de carotte\u00a0est un mac\u00e9r\u00e2t huileux (carottes mac\u00e9r\u00e9es dans une huile v\u00e9g\u00e9tale comme le tournesol) riche en b\u00eata-carot\u00e8ne, vitamine A et antioxydants. Elle est r\u00e9put\u00e9e pour illuminer le teint, favoriser un h\u00e2le naturel, assouplir la peau et lutter contre le vieillissement cutan\u00e9<\/p>\n","protected":false},"featured_media":6867,"comment_status":"open","ping_status":"closed","template":"","meta":[],"product_brand":[94],"product_cat":[67,98],"product_tag":[],"class_list":{"0":"post-6866","1":"product","2":"type-product","3":"status-publish","4":"has-post-thumbnail","6":"product_brand-mary-bio","7":"product_cat-cosmetique-et-soins","8":"product_cat-huile","11":"instock","12":"shipping-taxable","13":"purchasable","14":"product-type-simple"},"yoast_head":"<!-- This site is optimized with the Yoast SEO plugin v27.3 - https:\/\/yoast.com\/product\/yoast-seo-wordpress\/ -->\n<title>Huile de carotte - Mary Bio Coop<\/title>\n<meta name=\"description\" content=\"L&#039;huile de carotte est un mac\u00e9r\u00e2t huileux (carottes mac\u00e9r\u00e9es dans une huile v\u00e9g\u00e9tale comme le tournesol) riche en b\u00eata-carot\u00e8ne, vitamine A et antioxydants.\" \/>\n<meta name=\"robots\" content=\"index, follow, max-snippet:-1, max-image-preview:large, max-video-preview:-1\" \/>\n<link rel=\"canonical\" href=\"https:\/\/marybiocoop.org\/?product=huile-de-carotte\" \/>\n<meta property=\"og:locale\" content=\"fr_FR\" \/>\n<meta property=\"og:type\" content=\"article\" \/>\n<meta property=\"og:title\" content=\"Huile de carotte - Mary Bio Coop\" \/>\n<meta property=\"og:description\" content=\"L&#039;huile de carotte est un mac\u00e9r\u00e2t huileux (carottes mac\u00e9r\u00e9es dans une huile v\u00e9g\u00e9tale comme le tournesol) riche en b\u00eata-carot\u00e8ne, vitamine A et antioxydants.\" \/>\n<meta property=\"og:url\" content=\"https:\/\/marybiocoop.org\/?product=huile-de-carotte\" \/>\n<meta property=\"og:site_name\" content=\"Mary Bio Coop\" \/>\n<meta property=\"article:publisher\" content=\"https:\/\/web.facebook.com\/profile.php?id=61576906032274\" \/>\n<meta property=\"og:image\" content=\"https:\/\/marybiocoop.org\/wp-content\/uploads\/2026\/04\/635b0ad0-788c-4381-b5d0-5d417106f61b.jpg\" \/>\n\t<meta property=\"og:image:width\" content=\"775\" \/>\n\t<meta property=\"og:image:height\" content=\"1024\" \/>\n\t<meta property=\"og:image:type\" content=\"image\/jpeg\" \/>\n<meta name=\"twitter:card\" content=\"summary_large_image\" \/>\n<meta name=\"twitter:label1\" content=\"Dur\u00e9e de lecture estim\u00e9e\" \/>\n\t<meta name=\"twitter:data1\" content=\"1 minute\" \/>\n<script type=\"application\/ld+json\" class=\"yoast-schema-graph\">{\"@context\":\"https:\\\/\\\/schema.org\",\"@graph\":[{\"@type\":\"WebPage\",\"@id\":\"https:\\\/\\\/marybiocoop.org\\\/?product=huile-de-carotte\",\"url\":\"https:\\\/\\\/marybiocoop.org\\\/?product=huile-de-carotte\",\"name\":\"Huile de carotte - Mary Bio Coop\",\"isPartOf\":{\"@id\":\"https:\\\/\\\/marybiocoop.org\\\/#website\"},\"primaryImageOfPage\":{\"@id\":\"https:\\\/\\\/marybiocoop.org\\\/?product=huile-de-carotte#primaryimage\"},\"image\":{\"@id\":\"https:\\\/\\\/marybiocoop.org\\\/?product=huile-de-carotte#primaryimage\"},\"thumbnailUrl\":\"https:\\\/\\\/marybiocoop.org\\\/wp-content\\\/uploads\\\/2026\\\/04\\\/635b0ad0-788c-4381-b5d0-5d417106f61b.jpg\",\"datePublished\":\"2026-04-10T18:31:36+00:00\",\"description\":\"L'huile de carotte est un mac\u00e9r\u00e2t huileux (carottes mac\u00e9r\u00e9es dans une huile v\u00e9g\u00e9tale comme le tournesol) riche en b\u00eata-carot\u00e8ne, vitamine A et antioxydants.\",\"breadcrumb\":{\"@id\":\"https:\\\/\\\/marybiocoop.org\\\/?product=huile-de-carotte#breadcrumb\"},\"inLanguage\":\"fr-FR\",\"potentialAction\":[{\"@type\":\"ReadAction\",\"target\":[\"https:\\\/\\\/marybiocoop.org\\\/?product=huile-de-carotte\"]}]},{\"@type\":\"ImageObject\",\"inLanguage\":\"fr-FR\",\"@id\":\"https:\\\/\\\/marybiocoop.org\\\/?product=huile-de-carotte#primaryimage\",\"url\":\"https:\\\/\\\/marybiocoop.org\\\/wp-content\\\/uploads\\\/2026\\\/04\\\/635b0ad0-788c-4381-b5d0-5d417106f61b.jpg\",\"contentUrl\":\"https:\\\/\\\/marybiocoop.org\\\/wp-content\\\/uploads\\\/2026\\\/04\\\/635b0ad0-788c-4381-b5d0-5d417106f61b.jpg\",\"width\":775,\"height\":1024},{\"@type\":\"BreadcrumbList\",\"@id\":\"https:\\\/\\\/marybiocoop.org\\\/?product=huile-de-carotte#breadcrumb\",\"itemListElement\":[{\"@type\":\"ListItem\",\"position\":1,\"name\":\"Accueil\",\"item\":\"https:\\\/\\\/marybiocoop.org\\\/\"},{\"@type\":\"ListItem\",\"position\":2,\"name\":\"Shop\",\"item\":\"https:\\\/\\\/marybiocoop.org\\\/?page_id=35\"},{\"@type\":\"ListItem\",\"position\":3,\"name\":\"Huile de carotte\"}]},{\"@type\":\"WebSite\",\"@id\":\"https:\\\/\\\/marybiocoop.org\\\/#website\",\"url\":\"https:\\\/\\\/marybiocoop.org\\\/\",\"name\":\"Mary Bio Coop\",\"description\":\"Votre bien \u00eatre 100% naturel\",\"publisher\":{\"@id\":\"https:\\\/\\\/marybiocoop.org\\\/#organization\"},\"potentialAction\":[{\"@type\":\"SearchAction\",\"target\":{\"@type\":\"EntryPoint\",\"urlTemplate\":\"https:\\\/\\\/marybiocoop.org\\\/?s={search_term_string}\"},\"query-input\":{\"@type\":\"PropertyValueSpecification\",\"valueRequired\":true,\"valueName\":\"search_term_string\"}}],\"inLanguage\":\"fr-FR\"},{\"@type\":\"Organization\",\"@id\":\"https:\\\/\\\/marybiocoop.org\\\/#organization\",\"name\":\"Mary Bio Coop\",\"url\":\"https:\\\/\\\/marybiocoop.org\\\/\",\"logo\":{\"@type\":\"ImageObject\",\"inLanguage\":\"fr-FR\",\"@id\":\"https:\\\/\\\/marybiocoop.org\\\/#\\\/schema\\\/logo\\\/image\\\/\",\"url\":\"https:\\\/\\\/marybiocoop.org\\\/wp-content\\\/uploads\\\/2025\\\/12\\\/cropped-Logo-Mary-coop-1.png\",\"contentUrl\":\"https:\\\/\\\/marybiocoop.org\\\/wp-content\\\/uploads\\\/2025\\\/12\\\/cropped-Logo-Mary-coop-1.png\",\"width\":512,\"height\":512,\"caption\":\"Mary Bio Coop\"},\"image\":{\"@id\":\"https:\\\/\\\/marybiocoop.org\\\/#\\\/schema\\\/logo\\\/image\\\/\"},\"sameAs\":[\"https:\\\/\\\/web.facebook.com\\\/profile.php?id=61576906032274\"]}]}<\/script>\n<!-- \/ Yoast SEO plugin. -->","yoast_head_json":{"title":"Huile de carotte - Mary Bio Coop","description":"L'huile de carotte est un mac\u00e9r\u00e2t huileux (carottes mac\u00e9r\u00e9es dans une huile v\u00e9g\u00e9tale comme le tournesol) riche en b\u00eata-carot\u00e8ne, vitamine A et antioxydants.","robots":{"index":"index","follow":"follow","max-snippet":"max-snippet:-1","max-image-preview":"max-image-preview:large","max-video-preview":"max-video-preview:-1"},"canonical":"https:\/\/marybiocoop.org\/?product=huile-de-carotte","og_locale":"fr_FR","og_type":"article","og_title":"Huile de carotte - Mary Bio Coop","og_description":"L'huile de carotte est un mac\u00e9r\u00e2t huileux (carottes mac\u00e9r\u00e9es dans une huile v\u00e9g\u00e9tale comme le tournesol) riche en b\u00eata-carot\u00e8ne, vitamine A et antioxydants.","og_url":"https:\/\/marybiocoop.org\/?product=huile-de-carotte","og_site_name":"Mary Bio Coop","article_publisher":"https:\/\/web.facebook.com\/profile.php?id=61576906032274","og_image":[{"width":775,"height":1024,"url":"https:\/\/marybiocoop.org\/wp-content\/uploads\/2026\/04\/635b0ad0-788c-4381-b5d0-5d417106f61b.jpg","type":"image\/jpeg"}],"twitter_card":"summary_large_image","twitter_misc":{"Dur\u00e9e de lecture estim\u00e9e":"1 minute"},"schema":{"@context":"https:\/\/schema.org","@graph":[{"@type":"WebPage","@id":"https:\/\/marybiocoop.org\/?product=huile-de-carotte","url":"https:\/\/marybiocoop.org\/?product=huile-de-carotte","name":"Huile de carotte - Mary Bio Coop","isPartOf":{"@id":"https:\/\/marybiocoop.org\/#website"},"primaryImageOfPage":{"@id":"https:\/\/marybiocoop.org\/?product=huile-de-carotte#primaryimage"},"image":{"@id":"https:\/\/marybiocoop.org\/?product=huile-de-carotte#primaryimage"},"thumbnailUrl":"https:\/\/marybiocoop.org\/wp-content\/uploads\/2026\/04\/635b0ad0-788c-4381-b5d0-5d417106f61b.jpg","datePublished":"2026-04-10T18:31:36+00:00","description":"L'huile de carotte est un mac\u00e9r\u00e2t huileux (carottes mac\u00e9r\u00e9es dans une huile v\u00e9g\u00e9tale comme le tournesol) riche en b\u00eata-carot\u00e8ne, vitamine A et antioxydants.","breadcrumb":{"@id":"https:\/\/marybiocoop.org\/?product=huile-de-carotte#breadcrumb"},"inLanguage":"fr-FR","potentialAction":[{"@type":"ReadAction","target":["https:\/\/marybiocoop.org\/?product=huile-de-carotte"]}]},{"@type":"ImageObject","inLanguage":"fr-FR","@id":"https:\/\/marybiocoop.org\/?product=huile-de-carotte#primaryimage","url":"https:\/\/marybiocoop.org\/wp-content\/uploads\/2026\/04\/635b0ad0-788c-4381-b5d0-5d417106f61b.jpg","contentUrl":"https:\/\/marybiocoop.org\/wp-content\/uploads\/2026\/04\/635b0ad0-788c-4381-b5d0-5d417106f61b.jpg","width":775,"height":1024},{"@type":"BreadcrumbList","@id":"https:\/\/marybiocoop.org\/?product=huile-de-carotte#breadcrumb","itemListElement":[{"@type":"ListItem","position":1,"name":"Accueil","item":"https:\/\/marybiocoop.org\/"},{"@type":"ListItem","position":2,"name":"Shop","item":"https:\/\/marybiocoop.org\/?page_id=35"},{"@type":"ListItem","position":3,"name":"Huile de carotte"}]},{"@type":"WebSite","@id":"https:\/\/marybiocoop.org\/#website","url":"https:\/\/marybiocoop.org\/","name":"Mary Bio Coop","description":"Votre bien \u00eatre 100% naturel","publisher":{"@id":"https:\/\/marybiocoop.org\/#organization"},"potentialAction":[{"@type":"SearchAction","target":{"@type":"EntryPoint","urlTemplate":"https:\/\/marybiocoop.org\/?s={search_term_string}"},"query-input":{"@type":"PropertyValueSpecification","valueRequired":true,"valueName":"search_term_string"}}],"inLanguage":"fr-FR"},{"@type":"Organization","@id":"https:\/\/marybiocoop.org\/#organization","name":"Mary Bio Coop","url":"https:\/\/marybiocoop.org\/","logo":{"@type":"ImageObject","inLanguage":"fr-FR","@id":"https:\/\/marybiocoop.org\/#\/schema\/logo\/image\/","url":"https:\/\/marybiocoop.org\/wp-content\/uploads\/2025\/12\/cropped-Logo-Mary-coop-1.png","contentUrl":"https:\/\/marybiocoop.org\/wp-content\/uploads\/2025\/12\/cropped-Logo-Mary-coop-1.png","width":512,"height":512,"caption":"Mary Bio Coop"},"image":{"@id":"https:\/\/marybiocoop.org\/#\/schema\/logo\/image\/"},"sameAs":["https:\/\/web.facebook.com\/profile.php?id=61576906032274"]}]}},"_links":{"self":[{"href":"https:\/\/marybiocoop.org\/index.php?rest_route=\/wp\/v2\/product\/6866","targetHints":{"allow":["GET"]}}],"collection":[{"href":"https:\/\/marybiocoop.org\/index.php?rest_route=\/wp\/v2\/product"}],"about":[{"href":"https:\/\/marybiocoop.org\/index.php?rest_route=\/wp\/v2\/types\/product"}],"replies":[{"embeddable":true,"href":"https:\/\/marybiocoop.org\/index.php?rest_route=%2Fwp%2Fv2%2Fcomments&post=6866"}],"version-history":[{"count":1,"href":"https:\/\/marybiocoop.org\/index.php?rest_route=\/wp\/v2\/product\/6866\/revisions"}],"predecessor-version":[{"id":6868,"href":"https:\/\/marybiocoop.org\/index.php?rest_route=\/wp\/v2\/product\/6866\/revisions\/6868"}],"wp:featuredmedia":[{"embeddable":true,"href":"https:\/\/marybiocoop.org\/index.php?rest_route=\/wp\/v2\/media\/6867"}],"wp:attachment":[{"href":"https:\/\/marybiocoop.org\/index.php?rest_route=%2Fwp%2Fv2%2Fmedia&parent=6866"}],"wp:term":[{"taxonomy":"product_brand","embeddable":true,"href":"https:\/\/marybiocoop.org\/index.php?rest_route=%2Fwp%2Fv2%2Fproduct_brand&post=6866"},{"taxonomy":"product_cat","embeddable":true,"href":"https:\/\/marybiocoop.org\/index.php?rest_route=%2Fwp%2Fv2%2Fproduct_cat&post=6866"},{"taxonomy":"product_tag","embeddable":true,"href":"https:\/\/marybiocoop.org\/index.php?rest_route=%2Fwp%2Fv2%2Fproduct_tag&post=6866"}],"curies":[{"name":"wp","href":"https:\/\/api.w.org\/{rel}","templated":true}]}}