{"id":6887,"date":"2026-04-10T20:55:08","date_gmt":"2026-04-10T18:55:08","guid":{"rendered":"https:\/\/marybiocoop.org\/?post_type=product&#038;p=6887"},"modified":"2026-04-10T20:55:37","modified_gmt":"2026-04-10T18:55:37","slug":"glace-a-la-poudre-de-cacoa","status":"publish","type":"product","link":"https:\/\/marybiocoop.org\/?product=glace-a-la-poudre-de-cacoa","title":{"rendered":"Glace \u00e0 la Poudre de Cacoa"},"content":{"rendered":"<p>Caract\u00e9ristiques et Pr\u00e9paration :<br \/>\nIngr\u00e9dients Cl\u00e9s : Cacao amer de haute qualit\u00e9 (souvent 22-24% de mati\u00e8re grasse), lait entier, cr\u00e8me liquide, et sucre.<br \/>\nProfil de Saveur : Intense, riche et chocolat\u00e9, moins sucr\u00e9 qu&#8217;une glace au chocolat fondu si du cacao pur est utilis\u00e9.<br \/>\nTexture : Cr\u00e9meuse et onctueuse, elle est souvent pr\u00e9par\u00e9e avec de la cr\u00e8me fleurette pour le fondant.<br \/>\nVariantes : Peut \u00eatre r\u00e9alis\u00e9e avec du lait concentr\u00e9 sucr\u00e9 pour une version rapide sans sorbeti\u00e8re, ou en version all\u00e9g\u00e9e avec du fromage cottage.<br \/>\nPr\u00e9paration : Le cacao est souvent chauff\u00e9 avec le lait et la cr\u00e8me pour bien se dissoudre avant la cong\u00e9lation<\/p>\n","protected":false},"excerpt":{"rendered":"<p><span data-subtree=\"aimfl,mfl\">La glace \u00e0 la poudre de cacao est un\u00a0<\/span><mark class=\"HxTRcb\" data-sfc-root=\"c\" data-sfc-cb=\"\">dessert glac\u00e9 onctueux, caract\u00e9ris\u00e9 par un go\u00fbt chocolat\u00e9 intense et profond<\/mark>. Elle est obtenue en m\u00e9langeant du cacao en poudre (souvent amer), du lait, de la cr\u00e8me et du sucre, cr\u00e9ant une texture fondante et riche, parfois rehauss\u00e9e de p\u00e9pites de chocolat ou de noix.<\/p>\n","protected":false},"featured_media":6889,"comment_status":"open","ping_status":"closed","template":"","meta":[],"product_brand":[96],"product_cat":[106,101],"product_tag":[],"class_list":{"0":"post-6887","1":"product","2":"type-product","3":"status-publish","4":"has-post-thumbnail","6":"product_brand-ice-noune","7":"product_cat-alimentaire","8":"product_cat-creme-glace","11":"instock","12":"shipping-taxable","13":"purchasable","14":"product-type-simple"},"yoast_head":"<!-- This site is optimized with the Yoast SEO plugin v27.3 - https:\/\/yoast.com\/product\/yoast-seo-wordpress\/ -->\n<title>Glace \u00e0 la Poudre de Cacoa - Mary Bio Coop<\/title>\n<meta name=\"description\" content=\"La glace \u00e0 la poudre de cacao est un dessert glac\u00e9 onctueux, caract\u00e9ris\u00e9 par un go\u00fbt chocolat\u00e9 intense et profond.\" \/>\n<meta name=\"robots\" content=\"index, follow, max-snippet:-1, max-image-preview:large, max-video-preview:-1\" \/>\n<link rel=\"canonical\" href=\"https:\/\/marybiocoop.org\/?product=glace-a-la-poudre-de-cacoa\" \/>\n<meta property=\"og:locale\" content=\"fr_FR\" \/>\n<meta property=\"og:type\" content=\"article\" \/>\n<meta property=\"og:title\" content=\"Glace \u00e0 la Poudre de Cacoa - Mary Bio Coop\" \/>\n<meta property=\"og:description\" content=\"La glace \u00e0 la poudre de cacao est un dessert glac\u00e9 onctueux, caract\u00e9ris\u00e9 par un go\u00fbt chocolat\u00e9 intense et profond.\" \/>\n<meta property=\"og:url\" content=\"https:\/\/marybiocoop.org\/?product=glace-a-la-poudre-de-cacoa\" \/>\n<meta property=\"og:site_name\" content=\"Mary Bio Coop\" \/>\n<meta property=\"article:publisher\" content=\"https:\/\/web.facebook.com\/profile.php?id=61576906032274\" \/>\n<meta property=\"article:modified_time\" content=\"2026-04-10T18:55:37+00:00\" \/>\n<meta property=\"og:image\" content=\"https:\/\/marybiocoop.org\/wp-content\/uploads\/2026\/04\/74093196-782c-4ca7-af8c-a6a384f68a41.jpg\" \/>\n\t<meta property=\"og:image:width\" content=\"747\" \/>\n\t<meta property=\"og:image:height\" content=\"1024\" \/>\n\t<meta property=\"og:image:type\" content=\"image\/jpeg\" \/>\n<meta name=\"twitter:card\" content=\"summary_large_image\" \/>\n<meta name=\"twitter:label1\" content=\"Dur\u00e9e de lecture estim\u00e9e\" \/>\n\t<meta name=\"twitter:data1\" content=\"1 minute\" \/>\n<script type=\"application\/ld+json\" class=\"yoast-schema-graph\">{\"@context\":\"https:\\\/\\\/schema.org\",\"@graph\":[{\"@type\":\"WebPage\",\"@id\":\"https:\\\/\\\/marybiocoop.org\\\/?product=glace-a-la-poudre-de-cacoa\",\"url\":\"https:\\\/\\\/marybiocoop.org\\\/?product=glace-a-la-poudre-de-cacoa\",\"name\":\"Glace \u00e0 la Poudre de Cacoa - Mary Bio Coop\",\"isPartOf\":{\"@id\":\"https:\\\/\\\/marybiocoop.org\\\/#website\"},\"primaryImageOfPage\":{\"@id\":\"https:\\\/\\\/marybiocoop.org\\\/?product=glace-a-la-poudre-de-cacoa#primaryimage\"},\"image\":{\"@id\":\"https:\\\/\\\/marybiocoop.org\\\/?product=glace-a-la-poudre-de-cacoa#primaryimage\"},\"thumbnailUrl\":\"https:\\\/\\\/marybiocoop.org\\\/wp-content\\\/uploads\\\/2026\\\/04\\\/74093196-782c-4ca7-af8c-a6a384f68a41.jpg\",\"datePublished\":\"2026-04-10T18:55:08+00:00\",\"dateModified\":\"2026-04-10T18:55:37+00:00\",\"description\":\"La glace \u00e0 la poudre de cacao est un dessert glac\u00e9 onctueux, caract\u00e9ris\u00e9 par un go\u00fbt chocolat\u00e9 intense et profond.\",\"breadcrumb\":{\"@id\":\"https:\\\/\\\/marybiocoop.org\\\/?product=glace-a-la-poudre-de-cacoa#breadcrumb\"},\"inLanguage\":\"fr-FR\",\"potentialAction\":[{\"@type\":\"ReadAction\",\"target\":[\"https:\\\/\\\/marybiocoop.org\\\/?product=glace-a-la-poudre-de-cacoa\"]}]},{\"@type\":\"ImageObject\",\"inLanguage\":\"fr-FR\",\"@id\":\"https:\\\/\\\/marybiocoop.org\\\/?product=glace-a-la-poudre-de-cacoa#primaryimage\",\"url\":\"https:\\\/\\\/marybiocoop.org\\\/wp-content\\\/uploads\\\/2026\\\/04\\\/74093196-782c-4ca7-af8c-a6a384f68a41.jpg\",\"contentUrl\":\"https:\\\/\\\/marybiocoop.org\\\/wp-content\\\/uploads\\\/2026\\\/04\\\/74093196-782c-4ca7-af8c-a6a384f68a41.jpg\",\"width\":747,\"height\":1024},{\"@type\":\"BreadcrumbList\",\"@id\":\"https:\\\/\\\/marybiocoop.org\\\/?product=glace-a-la-poudre-de-cacoa#breadcrumb\",\"itemListElement\":[{\"@type\":\"ListItem\",\"position\":1,\"name\":\"Accueil\",\"item\":\"https:\\\/\\\/marybiocoop.org\\\/\"},{\"@type\":\"ListItem\",\"position\":2,\"name\":\"Shop\",\"item\":\"https:\\\/\\\/marybiocoop.org\\\/?page_id=35\"},{\"@type\":\"ListItem\",\"position\":3,\"name\":\"Glace \u00e0 la Poudre de Cacoa\"}]},{\"@type\":\"WebSite\",\"@id\":\"https:\\\/\\\/marybiocoop.org\\\/#website\",\"url\":\"https:\\\/\\\/marybiocoop.org\\\/\",\"name\":\"Mary Bio Coop\",\"description\":\"Votre bien \u00eatre 100% naturel\",\"publisher\":{\"@id\":\"https:\\\/\\\/marybiocoop.org\\\/#organization\"},\"potentialAction\":[{\"@type\":\"SearchAction\",\"target\":{\"@type\":\"EntryPoint\",\"urlTemplate\":\"https:\\\/\\\/marybiocoop.org\\\/?s={search_term_string}\"},\"query-input\":{\"@type\":\"PropertyValueSpecification\",\"valueRequired\":true,\"valueName\":\"search_term_string\"}}],\"inLanguage\":\"fr-FR\"},{\"@type\":\"Organization\",\"@id\":\"https:\\\/\\\/marybiocoop.org\\\/#organization\",\"name\":\"Mary Bio Coop\",\"url\":\"https:\\\/\\\/marybiocoop.org\\\/\",\"logo\":{\"@type\":\"ImageObject\",\"inLanguage\":\"fr-FR\",\"@id\":\"https:\\\/\\\/marybiocoop.org\\\/#\\\/schema\\\/logo\\\/image\\\/\",\"url\":\"https:\\\/\\\/marybiocoop.org\\\/wp-content\\\/uploads\\\/2025\\\/12\\\/cropped-Logo-Mary-coop-1.png\",\"contentUrl\":\"https:\\\/\\\/marybiocoop.org\\\/wp-content\\\/uploads\\\/2025\\\/12\\\/cropped-Logo-Mary-coop-1.png\",\"width\":512,\"height\":512,\"caption\":\"Mary Bio Coop\"},\"image\":{\"@id\":\"https:\\\/\\\/marybiocoop.org\\\/#\\\/schema\\\/logo\\\/image\\\/\"},\"sameAs\":[\"https:\\\/\\\/web.facebook.com\\\/profile.php?id=61576906032274\"]}]}<\/script>\n<!-- \/ Yoast SEO plugin. -->","yoast_head_json":{"title":"Glace \u00e0 la Poudre de Cacoa - Mary Bio Coop","description":"La glace \u00e0 la poudre de cacao est un dessert glac\u00e9 onctueux, caract\u00e9ris\u00e9 par un go\u00fbt chocolat\u00e9 intense et profond.","robots":{"index":"index","follow":"follow","max-snippet":"max-snippet:-1","max-image-preview":"max-image-preview:large","max-video-preview":"max-video-preview:-1"},"canonical":"https:\/\/marybiocoop.org\/?product=glace-a-la-poudre-de-cacoa","og_locale":"fr_FR","og_type":"article","og_title":"Glace \u00e0 la Poudre de Cacoa - Mary Bio Coop","og_description":"La glace \u00e0 la poudre de cacao est un dessert glac\u00e9 onctueux, caract\u00e9ris\u00e9 par un go\u00fbt chocolat\u00e9 intense et profond.","og_url":"https:\/\/marybiocoop.org\/?product=glace-a-la-poudre-de-cacoa","og_site_name":"Mary Bio Coop","article_publisher":"https:\/\/web.facebook.com\/profile.php?id=61576906032274","article_modified_time":"2026-04-10T18:55:37+00:00","og_image":[{"width":747,"height":1024,"url":"https:\/\/marybiocoop.org\/wp-content\/uploads\/2026\/04\/74093196-782c-4ca7-af8c-a6a384f68a41.jpg","type":"image\/jpeg"}],"twitter_card":"summary_large_image","twitter_misc":{"Dur\u00e9e de lecture estim\u00e9e":"1 minute"},"schema":{"@context":"https:\/\/schema.org","@graph":[{"@type":"WebPage","@id":"https:\/\/marybiocoop.org\/?product=glace-a-la-poudre-de-cacoa","url":"https:\/\/marybiocoop.org\/?product=glace-a-la-poudre-de-cacoa","name":"Glace \u00e0 la Poudre de Cacoa - Mary Bio Coop","isPartOf":{"@id":"https:\/\/marybiocoop.org\/#website"},"primaryImageOfPage":{"@id":"https:\/\/marybiocoop.org\/?product=glace-a-la-poudre-de-cacoa#primaryimage"},"image":{"@id":"https:\/\/marybiocoop.org\/?product=glace-a-la-poudre-de-cacoa#primaryimage"},"thumbnailUrl":"https:\/\/marybiocoop.org\/wp-content\/uploads\/2026\/04\/74093196-782c-4ca7-af8c-a6a384f68a41.jpg","datePublished":"2026-04-10T18:55:08+00:00","dateModified":"2026-04-10T18:55:37+00:00","description":"La glace \u00e0 la poudre de cacao est un dessert glac\u00e9 onctueux, caract\u00e9ris\u00e9 par un go\u00fbt chocolat\u00e9 intense et profond.","breadcrumb":{"@id":"https:\/\/marybiocoop.org\/?product=glace-a-la-poudre-de-cacoa#breadcrumb"},"inLanguage":"fr-FR","potentialAction":[{"@type":"ReadAction","target":["https:\/\/marybiocoop.org\/?product=glace-a-la-poudre-de-cacoa"]}]},{"@type":"ImageObject","inLanguage":"fr-FR","@id":"https:\/\/marybiocoop.org\/?product=glace-a-la-poudre-de-cacoa#primaryimage","url":"https:\/\/marybiocoop.org\/wp-content\/uploads\/2026\/04\/74093196-782c-4ca7-af8c-a6a384f68a41.jpg","contentUrl":"https:\/\/marybiocoop.org\/wp-content\/uploads\/2026\/04\/74093196-782c-4ca7-af8c-a6a384f68a41.jpg","width":747,"height":1024},{"@type":"BreadcrumbList","@id":"https:\/\/marybiocoop.org\/?product=glace-a-la-poudre-de-cacoa#breadcrumb","itemListElement":[{"@type":"ListItem","position":1,"name":"Accueil","item":"https:\/\/marybiocoop.org\/"},{"@type":"ListItem","position":2,"name":"Shop","item":"https:\/\/marybiocoop.org\/?page_id=35"},{"@type":"ListItem","position":3,"name":"Glace \u00e0 la Poudre de Cacoa"}]},{"@type":"WebSite","@id":"https:\/\/marybiocoop.org\/#website","url":"https:\/\/marybiocoop.org\/","name":"Mary Bio Coop","description":"Votre bien \u00eatre 100% naturel","publisher":{"@id":"https:\/\/marybiocoop.org\/#organization"},"potentialAction":[{"@type":"SearchAction","target":{"@type":"EntryPoint","urlTemplate":"https:\/\/marybiocoop.org\/?s={search_term_string}"},"query-input":{"@type":"PropertyValueSpecification","valueRequired":true,"valueName":"search_term_string"}}],"inLanguage":"fr-FR"},{"@type":"Organization","@id":"https:\/\/marybiocoop.org\/#organization","name":"Mary Bio Coop","url":"https:\/\/marybiocoop.org\/","logo":{"@type":"ImageObject","inLanguage":"fr-FR","@id":"https:\/\/marybiocoop.org\/#\/schema\/logo\/image\/","url":"https:\/\/marybiocoop.org\/wp-content\/uploads\/2025\/12\/cropped-Logo-Mary-coop-1.png","contentUrl":"https:\/\/marybiocoop.org\/wp-content\/uploads\/2025\/12\/cropped-Logo-Mary-coop-1.png","width":512,"height":512,"caption":"Mary Bio Coop"},"image":{"@id":"https:\/\/marybiocoop.org\/#\/schema\/logo\/image\/"},"sameAs":["https:\/\/web.facebook.com\/profile.php?id=61576906032274"]}]}},"_links":{"self":[{"href":"https:\/\/marybiocoop.org\/index.php?rest_route=\/wp\/v2\/product\/6887","targetHints":{"allow":["GET"]}}],"collection":[{"href":"https:\/\/marybiocoop.org\/index.php?rest_route=\/wp\/v2\/product"}],"about":[{"href":"https:\/\/marybiocoop.org\/index.php?rest_route=\/wp\/v2\/types\/product"}],"replies":[{"embeddable":true,"href":"https:\/\/marybiocoop.org\/index.php?rest_route=%2Fwp%2Fv2%2Fcomments&post=6887"}],"version-history":[{"count":1,"href":"https:\/\/marybiocoop.org\/index.php?rest_route=\/wp\/v2\/product\/6887\/revisions"}],"predecessor-version":[{"id":6888,"href":"https:\/\/marybiocoop.org\/index.php?rest_route=\/wp\/v2\/product\/6887\/revisions\/6888"}],"wp:featuredmedia":[{"embeddable":true,"href":"https:\/\/marybiocoop.org\/index.php?rest_route=\/wp\/v2\/media\/6889"}],"wp:attachment":[{"href":"https:\/\/marybiocoop.org\/index.php?rest_route=%2Fwp%2Fv2%2Fmedia&parent=6887"}],"wp:term":[{"taxonomy":"product_brand","embeddable":true,"href":"https:\/\/marybiocoop.org\/index.php?rest_route=%2Fwp%2Fv2%2Fproduct_brand&post=6887"},{"taxonomy":"product_cat","embeddable":true,"href":"https:\/\/marybiocoop.org\/index.php?rest_route=%2Fwp%2Fv2%2Fproduct_cat&post=6887"},{"taxonomy":"product_tag","embeddable":true,"href":"https:\/\/marybiocoop.org\/index.php?rest_route=%2Fwp%2Fv2%2Fproduct_tag&post=6887"}],"curies":[{"name":"wp","href":"https:\/\/api.w.org\/{rel}","templated":true}]}}